{"id":991,"date":"2022-05-10T18:12:09","date_gmt":"2022-05-10T16:12:09","guid":{"rendered":"https:\/\/pedrovinuela.com\/?page_id=991"},"modified":"2024-07-23T18:10:20","modified_gmt":"2024-07-23T16:10:20","slug":"proyecto","status":"publish","type":"page","link":"https:\/\/pedrovinuela.com\/es\/proyecto\/","title":{"rendered":"Proyecto"},"content":{"rendered":"<p>[et_pb_section fb_built=\u00bb1&#8243; fullwidth=\u00bbon\u00bb admin_label=\u00bbFoto Pedro Vi\u00f1uela\u00bb _builder_version=\u00bb4.16&#8243; _module_preset=\u00bbdefault\u00bb background_enable_color=\u00bboff\u00bb background_image=\u00bbhttps:\/\/pedrovinuela.com\/wp-content\/uploads\/2021\/06\/Booking-Pedro-Vinuela-Mastering-scaled.jpg\u00bb parallax=\u00bbon\u00bb min_height=\u00bb462px\u00bb custom_padding=\u00bb||19vw||false|false\u00bb collapsed=\u00bbon\u00bb global_colors_info=\u00bb{}\u00bb][\/et_pb_section][et_pb_section fb_built=\u00bb1&#8243; admin_label=\u00bbBio\u00bb _builder_version=\u00bb4.17.3&#8243; _module_preset=\u00bbdefault\u00bb background_color=\u00bb#fdfdfd\u00bb custom_margin=\u00bb||-20px||false|false\u00bb custom_margin_tablet=\u00bb||-20px||false|false\u00bb custom_margin_phone=\u00bb||-20px||false|false\u00bb custom_margin_last_edited=\u00bbon|tablet\u00bb collapsed=\u00bboff\u00bb global_colors_info=\u00bb{}\u00bb][et_pb_row admin_label=\u00bbtexto pedro vi\u00f1uela\u00bb _builder_version=\u00bb4.17.3&#8243; _module_preset=\u00bbdefault\u00bb background_enable_color=\u00bboff\u00bb width=\u00bb100%\u00bb max_width=\u00bb100%\u00bb collapsed=\u00bboff\u00bb global_colors_info=\u00bb{}\u00bb][et_pb_column type=\u00bb4_4&#8243; _builder_version=\u00bb4.16&#8243; _module_preset=\u00bbdefault\u00bb global_colors_info=\u00bb{}\u00bb][et_pb_text _builder_version=\u00bb4.17.3&#8243; _module_preset=\u00bbdefault\u00bb text_font=\u00bb|600|||||||\u00bb text_text_color=\u00bb#fdfdfd\u00bb text_font_size=\u00bb10vw\u00bb text_letter_spacing=\u00bb-10px\u00bb text_line_height=\u00bb1.8em\u00bb header_font=\u00bb|600|||||||\u00bb header_text_color=\u00bb#fdfdfd\u00bb header_font_size=\u00bb10vw\u00bb header_line_height=\u00bb1.8em\u00bb background_enable_color=\u00bboff\u00bb custom_margin=\u00bb-15vw||-49px|-2px|false|false\u00bb custom_margin_tablet=\u00bb-15vw||0px|-2px|false|false\u00bb custom_margin_phone=\u00bb-19vw||||false|false\u00bb custom_margin_last_edited=\u00bbon|tablet\u00bb animation_style=\u00bbslide\u00bb animation_direction=\u00bbbottom\u00bb animation_intensity_slide=\u00bb5%\u00bb animation_starting_opacity=\u00bb100%\u00bb text_letter_spacing_tablet=\u00bb-4px\u00bb text_letter_spacing_phone=\u00bb0px\u00bb text_letter_spacing_last_edited=\u00bbon|phone\u00bb header_font_size_tablet=\u00bb15vw\u00bb header_font_size_phone=\u00bb15vw\u00bb header_font_size_last_edited=\u00bbon|tablet\u00bb header_letter_spacing_tablet=\u00bb\u00bb header_letter_spacing_phone=\u00bb\u00bb header_letter_spacing_last_edited=\u00bbon|tablet\u00bb header_line_height_tablet=\u00bb0.9em\u00bb header_line_height_phone=\u00bb1.2em\u00bb header_line_height_last_edited=\u00bbon|phone\u00bb global_colors_info=\u00bb{}\u00bb header_letter_spacing__hover_enabled=\u00bbon|desktop\u00bb]<\/p>\n<h1>Proyecto<\/h1>\n<p>[\/et_pb_text][\/et_pb_column][\/et_pb_row][et_pb_row admin_label=\u00bbtexto principal\u00bb _builder_version=\u00bb4.17.3&#8243; _module_preset=\u00bbdefault\u00bb background_enable_color=\u00bboff\u00bb custom_margin=\u00bb-3vw|auto|7vw|auto|false|false\u00bb custom_margin_tablet=\u00bb\u00bb custom_margin_phone=\u00bb-16vw|auto||auto|false|false\u00bb custom_margin_last_edited=\u00bbon|phone\u00bb collapsed=\u00bboff\u00bb global_colors_info=\u00bb{}\u00bb][et_pb_column type=\u00bb4_4&#8243; _builder_version=\u00bb4.17.3&#8243; _module_preset=\u00bbdefault\u00bb global_colors_info=\u00bb{}\u00bb][et_pb_button button_url=\u00bbhttps:\/\/pedrovinuelamastering.wetransfer.com\u00bb url_new_window=\u00bbon\u00bb button_text=\u00bbSubir archivos\u00bb button_alignment=\u00bbcenter\u00bb button_alignment_tablet=\u00bbcenter\u00bb button_alignment_phone=\u00bbcenter\u00bb button_alignment_last_edited=\u00bbon|tablet\u00bb _builder_version=\u00bb4.17.3&#8243; _module_preset=\u00bbdefault\u00bb custom_button=\u00bbon\u00bb button_text_size=\u00bb21px\u00bb button_text_color=\u00bb#f3f3f3&#8243; button_bg_color=\u00bb#D48A57&#8243; button_border_color=\u00bbRGBA(255,255,255,0)\u00bb button_letter_spacing=\u00bb1px\u00bb button_font=\u00bb|||on|||||\u00bb button_icon=\u00bb&#xe070;||divi||400&#8243; custom_padding=\u00bb|70px||70px|false|false\u00bb global_colors_info=\u00bb{}\u00bb][\/et_pb_button][\/et_pb_column][\/et_pb_row][et_pb_row column_structure=\u00bb1_2,1_2&#8243; admin_label=\u00bbtexto principal\u00bb _builder_version=\u00bb4.17.3&#8243; _module_preset=\u00bbdefault\u00bb background_enable_color=\u00bboff\u00bb custom_margin=\u00bb-5vw|auto||auto|false|false\u00bb custom_margin_tablet=\u00bb\u00bb custom_margin_phone=\u00bb-16vw|auto||auto|false|false\u00bb custom_margin_last_edited=\u00bbon|phone\u00bb collapsed=\u00bboff\u00bb global_colors_info=\u00bb{}\u00bb][et_pb_column type=\u00bb1_2&#8243; _builder_version=\u00bb4.17.3&#8243; _module_preset=\u00bbdefault\u00bb global_colors_info=\u00bb{}\u00bb][et_pb_text _builder_version=\u00bb4.17.3&#8243; _module_preset=\u00bbdefault\u00bb text_font=\u00bb|300|||||||\u00bb text_text_color=\u00bb#686868&#8243; header_2_font_size=\u00bb16px\u00bb min_height=\u00bb423.8px\u00bb custom_margin_tablet=\u00bb8vw||||false|false\u00bb custom_margin_phone=\u00bb\u00bb custom_margin_last_edited=\u00bbon|tablet\u00bb global_colors_info=\u00bb{}\u00bb]<\/p>\n<h2 class=\"p1\" style=\"text-align: left;\">Datos de Pago<span class=\"s1\"><\/span><\/h2>\n<div>\n<p class=\"p1\" style=\"text-align: left;\"><span class=\"s1\"><\/span><\/p>\n<p class=\"p1\" style=\"text-align: left;\"><span class=\"s1\">Pon en el concepto el n\u00famero de presupuesto.<br \/>Si necesitas factura, no olvides enviarnos tus datos de facturaci\u00f3n.<\/span><\/p>\n<p class=\"p1\" style=\"text-align: left;\"><span class=\"s1\"><\/span><\/p>\n<p><strong><span class=\"s1\">Cuenta bancaria:<\/span><\/strong><br \/><span class=\"s1\">ING 1465 0100 98 1741588742<\/span><br \/><span class=\"s1\">IBAN: ES79 1465 01 00981741588742 <\/span><br \/><span class=\"s1\">BIC: INGDESMMXXX<\/span><\/p>\n<p><span class=\"s1\"><\/span><\/p>\n<p><strong><span class=\"s1\">Bizum:<\/span><\/strong><br \/><span class=\"s1\">(+34) 610 019 426<\/span><\/p>\n<p><span class=\"s1\"><\/span><\/p>\n<p><strong><span class=\"s1\">PayPal:<\/span><\/strong><br \/><span class=\"s1\">Si quieres pagar por PayPal, ponte en contacto con nosotros ya que este sistema de pago lleva un recargo adicional.<\/span><\/p>\n<\/div>\n<p>[\/et_pb_text][et_pb_text _builder_version=\u00bb4.16&#8243; _module_preset=\u00bbdefault\u00bb text_font=\u00bb|300|||||||\u00bb text_text_color=\u00bb#686868&#8243; text_line_height=\u00bb1.2em\u00bb link_font=\u00bb|300|||||||\u00bb link_text_color=\u00bb#686868&#8243; header_2_font_size=\u00bb16px\u00bb custom_margin=\u00bb||||false|false\u00bb custom_margin_tablet=\u00bb||3vw||false|false\u00bb custom_margin_phone=\u00bb\u00bb custom_margin_last_edited=\u00bbon|tablet\u00bb global_colors_info=\u00bb{}\u00bb]<\/p>\n<h2 class=\"p1\" style=\"text-align: left;\">Direcci\u00f3n de subida<span class=\"s1\"><\/span><\/h2>\n<div>\n<p class=\"p1\" style=\"text-align: left;\"><span class=\"s1\"><\/span>https:\/\/pedrovinuelamastering.wetransfer.com<\/p>\n<\/div>\n<p>[\/et_pb_text][\/et_pb_column][et_pb_column type=\u00bb1_2&#8243; _builder_version=\u00bb4.16&#8243; _module_preset=\u00bbdefault\u00bb global_colors_info=\u00bb{}\u00bb][et_pb_text _builder_version=\u00bb4.17.3&#8243; _module_preset=\u00bbdefault\u00bb text_font=\u00bb|300|||||||\u00bb text_text_color=\u00bb#686868&#8243; header_2_font_size=\u00bb16px\u00bb custom_margin_tablet=\u00bb4vw||||false|false\u00bb custom_margin_phone=\u00bb\u00bb custom_margin_last_edited=\u00bbon|tablet\u00bb global_colors_info=\u00bb{}\u00bb]<\/p>\n<p class=\"p1\"><span class=\"s1\">Mi forma de <a href=\"https:\/\/pedrovinuela.com\/es\/\" target=\"_blank\" rel=\"noopener\">masterizar<\/a> es siempre respetuosa con la mezcla original.<\/span><span class=\"s1\"><\/span><\/p>\n<p class=\"p1\">La primera vez que trabajes conmigo, buscaremos juntos tu sonido <span class=\"s1\">y llevaremos las mezclas a su m\u00e1ximo potencial.<\/span><\/p>\n<p class=\"p1\"><span class=\"s1\"><span>Si lo solicitas, analizar\u00e9 y evaluar\u00e9 tu mezcla antes de hacer el mastering, d<\/span><\/span><span class=\"s1\"><span>e esta forma podr\u00e9 entender tu sonido y adem\u00e1s te comentar\u00e9 los puntos que se pueden mejorar para hacer un master a\u00fan mejor.<\/span><\/span><\/p>\n<p class=\"p1\"><span class=\"s1\"><span>Para el servicio de <a href=\"https:\/\/pedrovinuela.com\/es\/dolby-atmos\/\" target=\"_blank\" rel=\"noopener\">Atmos<\/a>, podr\u00e1s hacerme las consultas que consideres necesarias para tu proyecto.<\/span><\/span><\/p>\n<p>[\/et_pb_text][et_pb_text _builder_version=\u00bb4.17.3&#8243; _module_preset=\u00bbdefault\u00bb text_font=\u00bb|300|||||||\u00bb text_text_color=\u00bb#686868&#8243; header_2_font_size=\u00bb16px\u00bb custom_margin_tablet=\u00bb4vw||||false|false\u00bb custom_margin_phone=\u00bb\u00bb custom_margin_last_edited=\u00bbon|tablet\u00bb global_colors_info=\u00bb{}\u00bb]<\/p>\n<h2 class=\"p1\">\u00bfQu\u00e9 pasa despu\u00e9s?<span class=\"s1\"><\/span><\/h2>\n<p class=\"p1\">A partir de la recepci\u00f3n del material y el pago, se agenda el proyecto.<\/p>\n<p class=\"p1\">Quedar\u00e9 a tu disposici\u00f3n para los comentarios que quieras hacerme acerca del proyecto o el sonido que buscas y si has solicitado feedback del mix, lo tendr\u00e1s en unos tres d\u00edas.<\/p>\n<p>[\/et_pb_text][et_pb_text _builder_version=\u00bb4.17.4&#8243; _module_preset=\u00bbdefault\u00bb text_font=\u00bb|300|||||||\u00bb text_text_color=\u00bb#686868&#8243; text_line_height=\u00bb1.2em\u00bb link_font=\u00bb|300|||||||\u00bb link_text_color=\u00bb#686868&#8243; header_2_font_size=\u00bb16px\u00bb custom_margin=\u00bb||||false|false\u00bb custom_margin_tablet=\u00bb||3vw||false|false\u00bb custom_margin_phone=\u00bb\u00bb custom_margin_last_edited=\u00bbon|tablet\u00bb global_colors_info=\u00bb{}\u00bb]<\/p>\n<h2 class=\"p1\">Contacto<\/h2>\n<p class=\"p1\"><strong>Correo electr\u00f3nico: <\/strong><span style=\"text-decoration: underline;\"><a href=\"mailto:booking@pedrovinuela.com\">booking@pedrovinuela.com<\/a><\/span>, <span style=\"text-decoration: underline;\"><a href=\"mailto:info@pedrovinuela.com\">info@pedrovinuela.com<\/a><\/span><\/p>\n<p class=\"p1\"><strong>Tel\u00e9fono y Whatsapp<\/strong> de Lunes a Viernes, de 10:00 a 18:00:<\/p>\n<p class=\"p1\">(+34) 610 019 426<\/p>\n<p>[\/et_pb_text][\/et_pb_column][\/et_pb_row][\/et_pb_section][et_pb_section fb_built=\u00bb1&#8243; _builder_version=\u00bb4.17.3&#8243; _module_preset=\u00bbdefault\u00bb background_color=\u00bb#D48A57&#8243; custom_margin=\u00bb||0px||false|false\u00bb custom_margin_tablet=\u00bb||0px||false|false\u00bb custom_margin_phone=\u00bb||0px||false|false\u00bb custom_margin_last_edited=\u00bbon|tablet\u00bb global_colors_info=\u00bb{}\u00bb][et_pb_row admin_label=\u00bbEnvio\u00bb _builder_version=\u00bb4.17.3&#8243; _module_preset=\u00bbdefault\u00bb custom_margin=\u00bb2vw||||false|false\u00bb global_colors_info=\u00bb{}\u00bb][et_pb_column type=\u00bb4_4&#8243; _builder_version=\u00bb4.16&#8243; _module_preset=\u00bbdefault\u00bb global_colors_info=\u00bb{}\u00bb][et_pb_text _builder_version=\u00bb4.17.3&#8243; _module_preset=\u00bbdefault\u00bb text_text_color=\u00bb#fdfdfd\u00bb header_font_size=\u00bb25px\u00bb header_2_text_color=\u00bb#fdfdfd\u00bb header_2_font_size=\u00bb40px\u00bb header_3_text_color=\u00bb#fdfdfd\u00bb header_3_font_size=\u00bb28px\u00bb header_4_text_color=\u00bb#fdfdfd\u00bb header_4_font_size=\u00bb20px\u00bb animation_direction=\u00bbleft\u00bb global_colors_info=\u00bb{}\u00bb]<\/p>\n<h2 style=\"text-align: left;\">Recomendaciones de env\u00edo<\/h2>\n<p>&nbsp;<\/p>\n<h3 class=\"p2\" style=\"text-align: left;\">Dominar Estereo<\/h3>\n<p class=\"p1\" style=\"text-align: left;\"><span style=\"font-size: 14px;\">Archivos Wav misma frecuencia de muestreo que el proyecto original.<br \/>\nPreferiblemente 32 BITs Float, en cualquier caso al menos a 24 BITs. <\/span><\/p>\n<p class=\"p1\" style=\"text-align: left;\">Los picos no deben pasar de -3 dBFS.<br \/>\nSi tienes alg\u00fan procesador en el bus maestro para ganar volumen (compresi\u00f3n o limitado), enviamos dos versiones, una tal cual lo tienes y otra sin esos procesos. <\/p>\n<h4 class=\"p2\" style=\"text-align: left;\">DDP<\/h4>\n<p class=\"p1\" style=\"text-align: left;\">Si vas a fabricar CDs y necesitas un DDP, env\u00edame el \u00ablabelcopy\u00bb o los metadatos exactamente como lo quieres en el disco (Artista, T\u00edtulo del disco, T\u00edtulos y orden de las canciones y c\u00f3digos EAN\/UPC e ISRC.<\/p>\n<p class=\"p1\" style=\"text-align: left;\">\n<h3 class=\"p2\" style=\"text-align: left;\">Dolby Atmos<\/h3>\n<p class=\"p1\" style=\"text-align: left;\">Para masterizar mezclas Atmos, env\u00eda el Wav BWF ADM en un ZIP.<br \/>\nLa frecuencia de muestreo debe ser de 48 KHz y el bit rate al menos a 24 BITs. <\/p>\n<p class=\"p1\" style=\"text-align: left;\">Para Upmix desde est\u00e9reo, aseg\u00farate de que una vez exportados los stems, al colocarlos en un nuevo proyecto, la canci\u00f3n suena igual que la mezcla original.<br \/>\nEs importante mantener el sonido de la mezcla original procesando buses y master bus.<br \/>\nSi la m\u00fasica ya ha salido al mercado, necesitamos los masters est\u00e9reos originales.  <\/p>\n<p class=\"p1\" style=\"text-align: left;\">\n<h3 class=\"p2\" style=\"text-align: left;\"><\/h3>\n<h3 class=\"p2\" style=\"text-align: left;\">Mix Estereo<\/h3>\n<p class=\"p1\" style=\"text-align: left;\">Archivos Wav misma frecuencia de muestreo que el proyecto original.<br \/>\nPreferiblemente 32 BITs Float, en cualquier caso al menos a 24 BITs. <\/p>\n<p class=\"p1\" style=\"text-align: left;\">Para mezclas dede cero, env\u00eda todo el audio tal cual est\u00e1, s\u00f3lo con efectos de dise\u00f1o sonoro (retardos, flangers y modulaci\u00f3n, distorsi\u00f3n&#8230;).<br \/>\nEn caso de Mezcla de V\u00e1stagos, los v\u00e1stagos de efectos de reverberaci\u00f3n y retardo separados, no en el mismo archivo.<br \/>\nExcepto si hay efectos de dise\u00f1o sonoro.  <\/p>\n<h3 class=\"p2\" style=\"text-align: left;\"><\/h3>\n<h3 class=\"p2\" style=\"text-align: left;\"><\/h3>\n<p class=\"p1\" style=\"text-align: left;\">\n<p>[\/et_pb_text][et_pb_text _builder_version=\u00bb4.17.3&#8243; _module_preset=\u00bbdefault\u00bb text_text_color=\u00bb#fdfdfd\u00bb header_font_size=\u00bb25px\u00bb header_2_text_color=\u00bb#fdfdfd\u00bb header_2_font_size=\u00bb40px\u00bb header_3_text_color=\u00bb#fdfdfd\u00bb header_3_font_size=\u00bb28px\u00bb header_4_text_color=\u00bb#fdfdfd\u00bb header_4_font_size=\u00bb20px\u00bb custom_margin=\u00bb4vw||||false|false\u00bb custom_margin_tablet=\u00bb10vw||||false|false\u00bb custom_margin_phone=\u00bb10vw||||false|false\u00bb custom_margin_last_edited=\u00bbon|tablet\u00bb animation_direction=\u00bbleft\u00bb global_colors_info=\u00bb{}\u00bb]<\/p>\n<h2 style=\"text-align: left;\">Plazos<\/h2>\n<p>&nbsp;<\/p>\n<p class=\"p1\" style=\"text-align: left;\">Los plazos dependen en gran medida de la fluidez y comunicaci\u00f3n que tengamos.<\/p>\n<p class=\"p1\" style=\"text-align: left;\">Habitualmente para un cliente nuevo suele haber alguna revisi\u00f3n hasta que damos con el sonido que busca y en gran medida los tiempos dependen del ritmo de trabajo que lleve.<br \/>\nPersonalmente, una vez que empezamos a trabajar me gusta mantener la comunicaci\u00f3n para que los trabajos sean fluidos. <\/p>\n<p class=\"p1\" style=\"text-align: left;\">Para clientes habituales, de los que ya conozco perfectamente su sonido, gustos y preferencias, el tiempo de todo el proceso suele ser menos de una semana desde la recepci\u00f3n del material.<\/p>\n<p class=\"p1\" style=\"text-align: left;\">\n<h3 class=\"p2\" style=\"text-align: left;\"><\/h3>\n<h3 class=\"p2\" style=\"text-align: left;\">Presupuesto<\/h3>\n<p class=\"p1\" style=\"text-align: left;\">El presupuesto tiene validez de un mes.<br \/>\nPasado este tiempo deber\u00e1s solicitar un nuevo presupuesto.<br \/>\nLas ofertas y condiciones pueden variar.  <\/p>\n<p class=\"p1\" style=\"text-align: left;\">\n<h3 class=\"p2\" style=\"text-align: left;\"><\/h3>\n<h3 class=\"p2\" style=\"text-align: left;\">Recepci\u00f3n del material<\/h3>\n<p class=\"p1\" style=\"text-align: left;\">A partir de la recepci\u00f3n del material y el pago, se agenda el proyecto.<br \/>\nSi has solicitado feedback del mix, lo tendr\u00e1s en unos tres d\u00edas. <\/p>\n<p class=\"p1\" style=\"text-align: left;\">\n<h3 class=\"p2\" style=\"text-align: left;\"><\/h3>\n<h3 class=\"p2\" style=\"text-align: left;\">Env\u00edo de la masterizaci\u00f3n<\/h3>\n<p class=\"p1\" style=\"text-align: left;\"><span>Tendr\u00e1s tu masterizaci\u00f3n completa en una semana (48h si has solicitado el servicio expr\u00e9s), contando desde la recepci\u00f3n del <\/span><span>material revisado.<\/span><\/p>\n<p class=\"p1\" style=\"text-align: left;\"><span><\/span><\/p>\n<h3 class=\"p2\" style=\"text-align: left;\"><\/h3>\n<h3 class=\"p2\" style=\"text-align: left;\">Revisiones<\/h3>\n<p class=\"p1\" style=\"text-align: left;\">Tras recibir tu master tendr\u00e1s una semana para escucharlo y comentarme las revisiones que consideres.<br \/>\nUna vez que me hagas llegar las modificaciones necesarias, se realizar\u00e1n en un plazo m\u00e1ximo de tres d\u00edas (24h si has solicitado el servicio express). <\/p>\n<p class=\"p1\" style=\"text-align: left;\">\n<p class=\"p1\" style=\"text-align: left;\">\n<h3 class=\"p2\" style=\"text-align: left;\">Audio 3D<\/h3>\n<p class=\"p1\" style=\"text-align: left;\">Los plazos de este servicio variar\u00edan en funci\u00f3n del n\u00famero de canciones, pistas y servicio escogido.<br \/>\nEs por esto que valorar\u00e9 cada trabajo de forma individual dando plazos que se ajusten en la medida de lo posible a tus expectativas. <\/p>\n<p class=\"p1\" style=\"text-align: left;\">\n<p>[\/et_pb_text][\/et_pb_column][\/et_pb_row][\/et_pb_section]<\/p>\n","protected":false},"excerpt":{"rendered":"<p>Proyecto Datos de Pago Pon en el concepto el n\u00famero de presupuesto.Si necesitas factura, no olvides enviarnos tus datos de facturaci\u00f3n. Cuenta bancaria:ING 1465 0100 98 1741588742IBAN: ES79 1465 01 00981741588742 BIC: INGDESMMXXX Bizum:(+34) 610 019 426 PayPal:Si quieres pagar por PayPal, ponte en contacto con nosotros ya que este sistema de pago lleva un [&hellip;]<\/p>\n","protected":false},"author":1,"featured_media":0,"parent":0,"menu_order":0,"comment_status":"closed","ping_status":"closed","template":"","meta":{"_et_pb_use_builder":"on","_et_pb_old_content":"","_et_gb_content_width":"","_monsterinsights_skip_tracking":false,"_monsterinsights_sitenote_active":false,"_monsterinsights_sitenote_note":"","_monsterinsights_sitenote_category":0,"footnotes":""},"class_list":["post-991","page","type-page","status-publish","hentry"],"yoast_head":"<!-- This site is optimized with the Yoast SEO plugin v26.8 - https:\/\/yoast.com\/product\/yoast-seo-wordpress\/ -->\n<title>Proyecto - Pedro Vi\u00f1uela<\/title>\n<meta name=\"description\" content=\"Datos necesarios, recomendaciones de env\u00edo y tiempo del proceso de masterizaci\u00f3n, atmos y audio 3d de los proyectos\" \/>\n<meta name=\"robots\" content=\"noindex, nofollow\" \/>\n<meta property=\"og:locale\" content=\"es_ES\" \/>\n<meta property=\"og:type\" content=\"article\" \/>\n<meta property=\"og:title\" content=\"Proyecto - Pedro Vi\u00f1uela\" \/>\n<meta property=\"og:description\" content=\"Datos necesarios, recomendaciones de env\u00edo y tiempo del proceso de masterizaci\u00f3n, atmos y audio 3d de los proyectos\" \/>\n<meta property=\"og:url\" content=\"https:\/\/pedrovinuela.com\/es\/proyecto\/\" \/>\n<meta property=\"og:site_name\" content=\"Pedro Vi\u00f1uela\" \/>\n<meta property=\"article:publisher\" content=\"https:\/\/www.facebook.com\/pedroatthecontrols\/\" \/>\n<meta property=\"article:modified_time\" content=\"2024-07-23T16:10:20+00:00\" \/>\n<meta property=\"og:image\" content=\"https:\/\/i0.wp.com\/pedrovinuela.com\/wp-content\/uploads\/2021\/06\/Manley.jpg?fit=2000%2C1333&ssl=1\" \/>\n\t<meta property=\"og:image:width\" content=\"2000\" \/>\n\t<meta property=\"og:image:height\" content=\"1333\" \/>\n\t<meta property=\"og:image:type\" content=\"image\/jpeg\" \/>\n<meta name=\"twitter:card\" content=\"summary_large_image\" \/>\n<meta name=\"twitter:label1\" content=\"Tiempo de lectura\" \/>\n\t<meta name=\"twitter:data1\" content=\"5 minutos\" \/>\n<script type=\"application\/ld+json\" class=\"yoast-schema-graph\">{\"@context\":\"https:\/\/schema.org\",\"@graph\":[{\"@type\":\"WebPage\",\"@id\":\"https:\/\/pedrovinuela.com\/es\/proyecto\/\",\"url\":\"https:\/\/pedrovinuela.com\/es\/proyecto\/\",\"name\":\"Proyecto - Pedro Vi\u00f1uela\",\"isPartOf\":{\"@id\":\"https:\/\/pedrovinuela.com\/es\/#website\"},\"datePublished\":\"2022-05-10T16:12:09+00:00\",\"dateModified\":\"2024-07-23T16:10:20+00:00\",\"description\":\"Datos necesarios, recomendaciones de env\u00edo y tiempo del proceso de masterizaci\u00f3n, atmos y audio 3d de los proyectos\",\"breadcrumb\":{\"@id\":\"https:\/\/pedrovinuela.com\/es\/proyecto\/#breadcrumb\"},\"inLanguage\":\"es\",\"potentialAction\":[{\"@type\":\"ReadAction\",\"target\":[\"https:\/\/pedrovinuela.com\/es\/proyecto\/\"]}]},{\"@type\":\"BreadcrumbList\",\"@id\":\"https:\/\/pedrovinuela.com\/es\/proyecto\/#breadcrumb\",\"itemListElement\":[{\"@type\":\"ListItem\",\"position\":1,\"name\":\"Portada\",\"item\":\"https:\/\/pedrovinuela.com\/es\/\"},{\"@type\":\"ListItem\",\"position\":2,\"name\":\"Proyecto\"}]},{\"@type\":\"WebSite\",\"@id\":\"https:\/\/pedrovinuela.com\/es\/#website\",\"url\":\"https:\/\/pedrovinuela.com\/es\/\",\"name\":\"Pedro Vi\u00f1uela\",\"description\":\"Premium Mastering\",\"publisher\":{\"@id\":\"https:\/\/pedrovinuela.com\/es\/#organization\"},\"potentialAction\":[{\"@type\":\"SearchAction\",\"target\":{\"@type\":\"EntryPoint\",\"urlTemplate\":\"https:\/\/pedrovinuela.com\/es\/?s={search_term_string}\"},\"query-input\":{\"@type\":\"PropertyValueSpecification\",\"valueRequired\":true,\"valueName\":\"search_term_string\"}}],\"inLanguage\":\"es\"},{\"@type\":\"Organization\",\"@id\":\"https:\/\/pedrovinuela.com\/es\/#organization\",\"name\":\"Pedro Vi\u00f1uela\",\"url\":\"https:\/\/pedrovinuela.com\/es\/\",\"logo\":{\"@type\":\"ImageObject\",\"inLanguage\":\"es\",\"@id\":\"https:\/\/pedrovinuela.com\/es\/#\/schema\/logo\/image\/\",\"url\":\"https:\/\/i0.wp.com\/pedrovinuela.com\/wp-content\/uploads\/2021\/04\/cropped-PV-Favicon-1-1-1.png?fit=512%2C512&ssl=1\",\"contentUrl\":\"https:\/\/i0.wp.com\/pedrovinuela.com\/wp-content\/uploads\/2021\/04\/cropped-PV-Favicon-1-1-1.png?fit=512%2C512&ssl=1\",\"width\":512,\"height\":512,\"caption\":\"Pedro Vi\u00f1uela\"},\"image\":{\"@id\":\"https:\/\/pedrovinuela.com\/es\/#\/schema\/logo\/image\/\"},\"sameAs\":[\"https:\/\/www.facebook.com\/pedroatthecontrols\/\",\"https:\/\/www.instagram.com\/pedrovinuelamastering\/\",\"https:\/\/www.youtube.com\/channel\/UCSjBWwLBiV8LUrHJ2GK1oyg\"]}]}<\/script>\n<!-- \/ Yoast SEO plugin. -->","yoast_head_json":{"title":"Proyecto - Pedro Vi\u00f1uela","description":"Datos necesarios, recomendaciones de env\u00edo y tiempo del proceso de masterizaci\u00f3n, atmos y audio 3d de los proyectos","robots":{"index":"noindex","follow":"nofollow"},"og_locale":"es_ES","og_type":"article","og_title":"Proyecto - Pedro Vi\u00f1uela","og_description":"Datos necesarios, recomendaciones de env\u00edo y tiempo del proceso de masterizaci\u00f3n, atmos y audio 3d de los proyectos","og_url":"https:\/\/pedrovinuela.com\/es\/proyecto\/","og_site_name":"Pedro Vi\u00f1uela","article_publisher":"https:\/\/www.facebook.com\/pedroatthecontrols\/","article_modified_time":"2024-07-23T16:10:20+00:00","og_image":[{"width":2000,"height":1333,"url":"https:\/\/i0.wp.com\/pedrovinuela.com\/wp-content\/uploads\/2021\/06\/Manley.jpg?fit=2000%2C1333&ssl=1","type":"image\/jpeg"}],"twitter_card":"summary_large_image","twitter_misc":{"Tiempo de lectura":"5 minutos"},"schema":{"@context":"https:\/\/schema.org","@graph":[{"@type":"WebPage","@id":"https:\/\/pedrovinuela.com\/es\/proyecto\/","url":"https:\/\/pedrovinuela.com\/es\/proyecto\/","name":"Proyecto - Pedro Vi\u00f1uela","isPartOf":{"@id":"https:\/\/pedrovinuela.com\/es\/#website"},"datePublished":"2022-05-10T16:12:09+00:00","dateModified":"2024-07-23T16:10:20+00:00","description":"Datos necesarios, recomendaciones de env\u00edo y tiempo del proceso de masterizaci\u00f3n, atmos y audio 3d de los proyectos","breadcrumb":{"@id":"https:\/\/pedrovinuela.com\/es\/proyecto\/#breadcrumb"},"inLanguage":"es","potentialAction":[{"@type":"ReadAction","target":["https:\/\/pedrovinuela.com\/es\/proyecto\/"]}]},{"@type":"BreadcrumbList","@id":"https:\/\/pedrovinuela.com\/es\/proyecto\/#breadcrumb","itemListElement":[{"@type":"ListItem","position":1,"name":"Portada","item":"https:\/\/pedrovinuela.com\/es\/"},{"@type":"ListItem","position":2,"name":"Proyecto"}]},{"@type":"WebSite","@id":"https:\/\/pedrovinuela.com\/es\/#website","url":"https:\/\/pedrovinuela.com\/es\/","name":"Pedro Vi\u00f1uela","description":"Premium Mastering","publisher":{"@id":"https:\/\/pedrovinuela.com\/es\/#organization"},"potentialAction":[{"@type":"SearchAction","target":{"@type":"EntryPoint","urlTemplate":"https:\/\/pedrovinuela.com\/es\/?s={search_term_string}"},"query-input":{"@type":"PropertyValueSpecification","valueRequired":true,"valueName":"search_term_string"}}],"inLanguage":"es"},{"@type":"Organization","@id":"https:\/\/pedrovinuela.com\/es\/#organization","name":"Pedro Vi\u00f1uela","url":"https:\/\/pedrovinuela.com\/es\/","logo":{"@type":"ImageObject","inLanguage":"es","@id":"https:\/\/pedrovinuela.com\/es\/#\/schema\/logo\/image\/","url":"https:\/\/i0.wp.com\/pedrovinuela.com\/wp-content\/uploads\/2021\/04\/cropped-PV-Favicon-1-1-1.png?fit=512%2C512&ssl=1","contentUrl":"https:\/\/i0.wp.com\/pedrovinuela.com\/wp-content\/uploads\/2021\/04\/cropped-PV-Favicon-1-1-1.png?fit=512%2C512&ssl=1","width":512,"height":512,"caption":"Pedro Vi\u00f1uela"},"image":{"@id":"https:\/\/pedrovinuela.com\/es\/#\/schema\/logo\/image\/"},"sameAs":["https:\/\/www.facebook.com\/pedroatthecontrols\/","https:\/\/www.instagram.com\/pedrovinuelamastering\/","https:\/\/www.youtube.com\/channel\/UCSjBWwLBiV8LUrHJ2GK1oyg"]}]}},"jetpack_sharing_enabled":true,"_links":{"self":[{"href":"https:\/\/pedrovinuela.com\/es\/wp-json\/wp\/v2\/pages\/991","targetHints":{"allow":["GET"]}}],"collection":[{"href":"https:\/\/pedrovinuela.com\/es\/wp-json\/wp\/v2\/pages"}],"about":[{"href":"https:\/\/pedrovinuela.com\/es\/wp-json\/wp\/v2\/types\/page"}],"author":[{"embeddable":true,"href":"https:\/\/pedrovinuela.com\/es\/wp-json\/wp\/v2\/users\/1"}],"replies":[{"embeddable":true,"href":"https:\/\/pedrovinuela.com\/es\/wp-json\/wp\/v2\/comments?post=991"}],"version-history":[{"count":45,"href":"https:\/\/pedrovinuela.com\/es\/wp-json\/wp\/v2\/pages\/991\/revisions"}],"predecessor-version":[{"id":1439,"href":"https:\/\/pedrovinuela.com\/es\/wp-json\/wp\/v2\/pages\/991\/revisions\/1439"}],"wp:attachment":[{"href":"https:\/\/pedrovinuela.com\/es\/wp-json\/wp\/v2\/media?parent=991"}],"curies":[{"name":"wp","href":"https:\/\/api.w.org\/{rel}","templated":true}]}}