{"id":303,"date":"2021-05-07T13:34:48","date_gmt":"2021-05-07T11:34:48","guid":{"rendered":"https:\/\/pedrovinuela.com\/?page_id=303"},"modified":"2024-07-23T19:15:17","modified_gmt":"2024-07-23T17:15:17","slug":"booking","status":"publish","type":"page","link":"https:\/\/pedrovinuela.com\/es\/booking\/","title":{"rendered":"Reserva"},"content":{"rendered":"<p>[et_pb_section fb_built=\u00bb1&#8243; fullwidth=\u00bbon\u00bb admin_label=\u00bbFoto Pedro Vi\u00f1uela\u00bb _builder_version=\u00bb4.16&#8243; _module_preset=\u00bbdefault\u00bb background_enable_color=\u00bboff\u00bb background_image=\u00bbhttps:\/\/pedrovinuela.com\/wp-content\/uploads\/2021\/06\/Booking-Pedro-Vinuela-Mastering-scaled.jpg\u00bb parallax=\u00bbon\u00bb min_height=\u00bb462px\u00bb custom_padding=\u00bb||20vw||false|false\u00bb collapsed=\u00bbon\u00bb global_colors_info=\u00bb{}\u00bb][\/et_pb_section][et_pb_section fb_built=\u00bb1&#8243; admin_label=\u00bbBio\u00bb _builder_version=\u00bb4.16&#8243; _module_preset=\u00bbdefault\u00bb background_color=\u00bb#fdfdfd\u00bb collapsed=\u00bboff\u00bb global_colors_info=\u00bb{}\u00bb][et_pb_row admin_label=\u00bbtexto pedro vi\u00f1uela\u00bb _builder_version=\u00bb4.16&#8243; _module_preset=\u00bbdefault\u00bb background_enable_color=\u00bboff\u00bb width=\u00bb100%\u00bb max_width=\u00bb100%\u00bb collapsed=\u00bboff\u00bb global_colors_info=\u00bb{}\u00bb][et_pb_column type=\u00bb4_4&#8243; _builder_version=\u00bb4.16&#8243; _module_preset=\u00bbdefault\u00bb global_colors_info=\u00bb{}\u00bb][et_pb_text _builder_version=\u00bb4.16&#8243; _module_preset=\u00bbdefault\u00bb text_font=\u00bb|600|||||||\u00bb text_text_color=\u00bb#fdfdfd\u00bb text_font_size=\u00bb10vw\u00bb text_letter_spacing=\u00bb-10px\u00bb text_line_height=\u00bb1.8em\u00bb background_enable_color=\u00bboff\u00bb custom_margin=\u00bb-16vw||0px|-2px|false|false\u00bb custom_margin_tablet=\u00bb-15vw||0px|-2px|false|false\u00bb custom_margin_phone=\u00bb-19vw||||false|false\u00bb custom_margin_last_edited=\u00bbon|tablet\u00bb animation_style=\u00bbslide\u00bb animation_direction=\u00bbbottom\u00bb animation_intensity_slide=\u00bb5%\u00bb animation_starting_opacity=\u00bb100%\u00bb text_letter_spacing_tablet=\u00bb-4px\u00bb text_letter_spacing_phone=\u00bb0px\u00bb text_letter_spacing_last_edited=\u00bbon|phone\u00bb global_colors_info=\u00bb{}\u00bb]<\/p>\n<p>Reserva<\/p>\n<p>[\/et_pb_text][\/et_pb_column][\/et_pb_row][et_pb_row column_structure=\u00bb1_2,1_2&#8243; admin_label=\u00bbformulario\u00bb _builder_version=\u00bb4.17.3&#8243; _module_preset=\u00bbdefault\u00bb background_enable_color=\u00bboff\u00bb max_width=\u00bb100%\u00bb custom_margin=\u00bb-5vw|auto||auto|false|false\u00bb custom_margin_tablet=\u00bb\u00bb custom_margin_phone=\u00bb-16vw|auto||auto|false|false\u00bb custom_margin_last_edited=\u00bbon|phone\u00bb collapsed=\u00bboff\u00bb global_colors_info=\u00bb{}\u00bb][et_pb_column type=\u00bb1_2&#8243; _builder_version=\u00bb4.16&#8243; _module_preset=\u00bbdefault\u00bb global_colors_info=\u00bb{}\u00bb][wpforms_selector form_id=\u00bb701&#8243; show_title=\u00bboff\u00bb show_desc=\u00bboff\u00bb _builder_version=\u00bb4.9.10&#8243; _module_preset=\u00bbdefault\u00bb global_colors_info=\u00bb{}\u00bb min_height__hover_enabled=\u00bbon|desktop\u00bb][\/wpforms_selector][\/et_pb_column][et_pb_column type=\u00bb1_2&#8243; _builder_version=\u00bb4.16&#8243; _module_preset=\u00bbdefault\u00bb global_colors_info=\u00bb{}\u00bb][et_pb_text _builder_version=\u00bb4.17.3&#8243; _module_preset=\u00bbdefault\u00bb text_font=\u00bb|300|||||||\u00bb text_text_color=\u00bb#686868&#8243; header_2_font_size=\u00bb16px\u00bb custom_margin_tablet=\u00bb4vw||||false|false\u00bb custom_margin_phone=\u00bb\u00bb custom_margin_last_edited=\u00bbon|tablet\u00bb global_colors_info=\u00bb{}\u00bb]<\/p>\n<h2 class=\"p1\">\u00bfQu\u00e9 servicio necesitas?<\/h2>\n<p class=\"p1\">Rellena este formulario cont\u00e1ndonos qu\u00e9 necesitas y nos pondremos en contacto contigo en menos de 24h (fines de semana y festivos no incluidos).<\/p>\n<p class=\"p1\">Si tienes cualquier duda o sugerencia puedes dej\u00e1rnosla en el comentario del proyecto.<\/p>\n<p>[\/et_pb_text][et_pb_text _builder_version=\u00bb4.17.3&#8243; _module_preset=\u00bbdefault\u00bb text_font=\u00bb|300|||||||\u00bb text_text_color=\u00bb#686868&#8243; header_2_font_size=\u00bb16px\u00bb global_colors_info=\u00bb{}\u00bb]<\/p>\n<h2 class=\"p1\">\u00bfQu\u00e9 pasa despu\u00e9s?<\/h2>\n<p class=\"p1\">Resolveremos cualquier duda o sugerencia que tengas y elaboraremos un presupuesto a medida sin compromiso.<\/p>\n<p>[\/et_pb_text][et_pb_text _builder_version=\u00bb4.17.4&#8243; _module_preset=\u00bbdefault\u00bb text_font=\u00bb|300|||||||\u00bb text_text_color=\u00bb#686868&#8243; text_line_height=\u00bb1.2em\u00bb link_font=\u00bb|300|||||||\u00bb link_text_color=\u00bb#686868&#8243; header_2_font_size=\u00bb16px\u00bb custom_margin=\u00bb||||false|false\u00bb custom_margin_tablet=\u00bb||3vw||false|false\u00bb custom_margin_phone=\u00bb\u00bb custom_margin_last_edited=\u00bbon|tablet\u00bb global_colors_info=\u00bb{}\u00bb]<\/p>\n<h2 class=\"p1\">Contacto<\/h2>\n<p class=\"p1\"><strong>Correo electr\u00f3nico: <\/strong><span style=\"text-decoration: underline;\"><a href=\"mailto:booking@pedrovinuela.com\">booking@pedrovinuela.com<\/a><\/span>, <span style=\"text-decoration: underline;\"><a href=\"mailto:info@pedrovinuela.com\">info@pedrovinuela.com<\/a><\/span><\/p>\n<p class=\"p1\"><strong>Tel\u00e9fono y Whatsapp<\/strong> de Lunes a Viernes, de 10:00 a 18:00: (+34) 610 019 426<\/p>\n<p>[\/et_pb_text][\/et_pb_column][\/et_pb_row][\/et_pb_section][et_pb_section fb_built=\u00bb1&#8243; _builder_version=\u00bb4.16&#8243; _module_preset=\u00bbdefault\u00bb background_color=\u00bb#D48A57&#8243; global_colors_info=\u00bb{}\u00bb][et_pb_row _builder_version=\u00bb4.16&#8243; _module_preset=\u00bbdefault\u00bb global_colors_info=\u00bb{}\u00bb][et_pb_column type=\u00bb4_4&#8243; _builder_version=\u00bb4.16&#8243; _module_preset=\u00bbdefault\u00bb global_colors_info=\u00bb{}\u00bb][et_pb_text _builder_version=\u00bb4.16&#8243; _module_preset=\u00bbdefault\u00bb text_text_color=\u00bb#fdfdfd\u00bb header_text_color=\u00bb#fdfdfd\u00bb header_font_size=\u00bb40px\u00bb header_2_text_color=\u00bb#fdfdfd\u00bb background_color=\u00bbRGBA(0,0,0,0)\u00bb global_colors_info=\u00bb{}\u00bb]<\/p>\n<h1 style=\"text-align: center;\">\u00bfC\u00f3mo funciona?<\/h1>\n<p>[\/et_pb_text][\/et_pb_column][\/et_pb_row][et_pb_row column_structure=\u00bb1_4,1_4,1_4,1_4&#8243; custom_padding_last_edited=\u00bbon|tablet\u00bb _builder_version=\u00bb4.16&#8243; _module_preset=\u00bbdefault\u00bb width=\u00bb110%\u00bb custom_margin=\u00bb1vw||||false|false\u00bb custom_margin_tablet=\u00bb1vw||||false|false\u00bb custom_margin_phone=\u00bb\u00bb custom_margin_last_edited=\u00bbon|phone\u00bb custom_padding=\u00bb|0px||0px|false|false\u00bb custom_padding_tablet=\u00bb|140px|5vw|50px|false|false\u00bb custom_padding_phone=\u00bb0px|95px||50px|false|false\u00bb global_colors_info=\u00bb{}\u00bb][et_pb_column type=\u00bb1_4&#8243; _builder_version=\u00bb4.16&#8243; _module_preset=\u00bbdefault\u00bb global_colors_info=\u00bb{}\u00bb][et_pb_text _builder_version=\u00bb4.17.3&#8243; _module_preset=\u00bbdefault\u00bb text_text_color=\u00bb#fdfdfd\u00bb text_font_size=\u00bb13px\u00bb header_font_size=\u00bb25px\u00bb header_3_text_color=\u00bb#fdfdfd\u00bb header_3_font_size=\u00bb28px\u00bb animation_style=\u00bbslide\u00bb animation_direction=\u00bbleft\u00bb global_colors_info=\u00bb{}\u00bb]<\/p>\n<h3 class=\"p2\" style=\"text-align: center;\">1<\/h3>\n<p class=\"p2\" style=\"text-align: center;\">Te contactamos para elaborar un presupuesto detallado que se ajuste a tus necesidades, sin compromiso.<\/p>\n<p class=\"p2\" style=\"text-align: center;\">Si necesitas m\u00e1s informaci\u00f3n o tienes alguna duda, podemos concertar una cita telef\u00f3nica.<\/p>\n<p class=\"p2\" style=\"text-align: center;\">[\/et_pb_text][\/et_pb_column][et_pb_column type=\u00bb1_4&#8243; _builder_version=\u00bb4.16&#8243; _module_preset=\u00bbdefault\u00bb global_colors_info=\u00bb{}\u00bb][et_pb_text _builder_version=\u00bb4.17.3&#8243; _module_preset=\u00bbdefault\u00bb text_text_color=\u00bb#fdfdfd\u00bb text_font_size=\u00bb13px\u00bb header_font_size=\u00bb25px\u00bb header_3_text_color=\u00bb#fdfdfd\u00bb header_3_font_size=\u00bb28px\u00bb animation_style=\u00bbslide\u00bb animation_direction=\u00bbleft\u00bb animation_delay=\u00bb150ms\u00bb animation_intensity_slide=\u00bb65%\u00bb global_colors_info=\u00bb{}\u00bb]<\/p>\n<h3 class=\"p2\" style=\"text-align: center;\">2<\/h3>\n<p class=\"p2\" style=\"text-align: center;\">Una vez realizado el pago nos pondremos en contacto contigo para solicitar el material y pasar tu disco a la cola de trabajo.<\/p>\n<p class=\"p1\" style=\"text-align: center;\">Si has elegido \u00abfeedback del mix\u00bb, Pedro te comentar\u00e1 los puntos que se podr\u00edan mejorar para hacer un mejor mastering.<\/p>\n<p>[\/et_pb_text][\/et_pb_column][et_pb_column type=\u00bb1_4&#8243; _builder_version=\u00bb4.16&#8243; _module_preset=\u00bbdefault\u00bb global_colors_info=\u00bb{}\u00bb][et_pb_text _builder_version=\u00bb4.27.0&#8243; _module_preset=\u00bbdefault\u00bb text_text_color=\u00bb#fdfdfd\u00bb text_font_size=\u00bb13px\u00bb header_font_size=\u00bb25px\u00bb header_3_text_color=\u00bb#fdfdfd\u00bb header_3_font_size=\u00bb28px\u00bb animation_style=\u00bbslide\u00bb animation_direction=\u00bbleft\u00bb animation_delay=\u00bb300ms\u00bb animation_intensity_slide=\u00bb80%\u00bb hover_enabled=\u00bb0&#8243; global_colors_info=\u00bb{}\u00bb sticky_enabled=\u00bb0&#8243;]<\/p>\n<h3 class=\"p2\" style=\"text-align: center;\">3<\/h3>\n<p class=\"p1\" style=\"text-align: center;\">En unos d\u00edas te haremos llegar tu master.<\/p>\n<p class=\"p1\" style=\"text-align: center;\">En este punto se abre un plazo de escucha por tu parte.<br \/>Realizaremos los cambios y revisiones necesarios (hasta 3) para que quede a tu gusto.<\/p>\n<p>[\/et_pb_text][\/et_pb_column][et_pb_column type=\u00bb1_4&#8243; _builder_version=\u00bb4.16&#8243; _module_preset=\u00bbdefault\u00bb global_colors_info=\u00bb{}\u00bb][et_pb_text _builder_version=\u00bb4.17.3&#8243; _module_preset=\u00bbdefault\u00bb text_text_color=\u00bb#fdfdfd\u00bb text_font_size=\u00bb13px\u00bb header_font_size=\u00bb25px\u00bb header_3_text_color=\u00bb#fdfdfd\u00bb header_3_font_size=\u00bb28px\u00bb animation_style=\u00bbslide\u00bb animation_direction=\u00bbleft\u00bb animation_delay=\u00bb450ms\u00bb animation_intensity_slide=\u00bb95%\u00bb global_colors_info=\u00bb{}\u00bb]<\/p>\n<h3 class=\"p2\" style=\"text-align: center;\">4<\/h3>\n<p class=\"p1\" style=\"text-align: center;\">Una vez aprobado el master final, lo tendr\u00e1s disponible para su descarga durante 3 meses en nuestro sistema.<\/p>\n<p>[\/et_pb_text][\/et_pb_column][\/et_pb_row][\/et_pb_section]<\/p>\n","protected":false},"excerpt":{"rendered":"<p>Reserva[wpforms_selector form_id=\u00bb701&#8243; show_title=\u00bboff\u00bb show_desc=\u00bboff\u00bb _builder_version=\u00bb4.9.10&#8243; _module_preset=\u00bbdefault\u00bb global_colors_info=\u00bb{}\u00bb min_height__hover_enabled=\u00bbon|desktop\u00bb][\/wpforms_selector]\u00bfQu\u00e9 servicio necesitas? Rellena este formulario cont\u00e1ndonos qu\u00e9 necesitas y nos pondremos en contacto contigo en menos de 24h (fines de semana y festivos no incluidos). Si tienes cualquier duda o sugerencia puedes dej\u00e1rnosla en el comentario del proyecto.\u00bfQu\u00e9 pasa despu\u00e9s? Resolveremos cualquier duda o sugerencia que tengas [&hellip;]<\/p>\n","protected":false},"author":1,"featured_media":0,"parent":0,"menu_order":0,"comment_status":"closed","ping_status":"closed","template":"","meta":{"_et_pb_use_builder":"on","_et_pb_old_content":"","_et_gb_content_width":"","_monsterinsights_skip_tracking":false,"_monsterinsights_sitenote_active":false,"_monsterinsights_sitenote_note":"","_monsterinsights_sitenote_category":0,"footnotes":""},"class_list":["post-303","page","type-page","status-publish","hentry"],"yoast_head":"<!-- This site is optimized with the Yoast SEO plugin v26.8 - https:\/\/yoast.com\/product\/yoast-seo-wordpress\/ -->\n<title>Reserva Masterizaci\u00f3n, presupuesto a medida - Pedro Vi\u00f1uela<\/title>\n<meta name=\"description\" content=\"Rellena el formulario de booking mastering con los datos del proyecto y te enviaremos un presupuesto a medida seg\u00fan tus necesidades.\" \/>\n<meta name=\"robots\" content=\"index, follow, max-snippet:-1, max-image-preview:large, max-video-preview:-1\" \/>\n<link rel=\"canonical\" href=\"https:\/\/pedrovinuela.com\/es\/booking\/\" \/>\n<meta property=\"og:locale\" content=\"es_ES\" \/>\n<meta property=\"og:type\" content=\"article\" \/>\n<meta property=\"og:title\" content=\"Reserva Masterizaci\u00f3n, presupuesto a medida - Pedro Vi\u00f1uela\" \/>\n<meta property=\"og:description\" content=\"Rellena el formulario de booking mastering con los datos del proyecto y te enviaremos un presupuesto a medida seg\u00fan tus necesidades.\" \/>\n<meta property=\"og:url\" content=\"https:\/\/pedrovinuela.com\/es\/booking\/\" \/>\n<meta property=\"og:site_name\" content=\"Pedro Vi\u00f1uela\" \/>\n<meta property=\"article:publisher\" content=\"https:\/\/www.facebook.com\/pedroatthecontrols\/\" \/>\n<meta property=\"article:modified_time\" content=\"2024-07-23T17:15:17+00:00\" \/>\n<meta property=\"og:image\" content=\"https:\/\/i0.wp.com\/pedrovinuela.com\/wp-content\/uploads\/2021\/06\/Manley.jpg?fit=2000%2C1333&ssl=1\" \/>\n\t<meta property=\"og:image:width\" content=\"2000\" \/>\n\t<meta property=\"og:image:height\" content=\"1333\" \/>\n\t<meta property=\"og:image:type\" content=\"image\/jpeg\" \/>\n<meta name=\"twitter:card\" content=\"summary_large_image\" \/>\n<meta name=\"twitter:label1\" content=\"Tiempo de lectura\" \/>\n\t<meta name=\"twitter:data1\" content=\"4 minutos\" \/>\n<script type=\"application\/ld+json\" class=\"yoast-schema-graph\">{\"@context\":\"https:\/\/schema.org\",\"@graph\":[{\"@type\":\"WebPage\",\"@id\":\"https:\/\/pedrovinuela.com\/es\/booking\/\",\"url\":\"https:\/\/pedrovinuela.com\/es\/booking\/\",\"name\":\"Reserva Masterizaci\u00f3n, presupuesto a medida - Pedro Vi\u00f1uela\",\"isPartOf\":{\"@id\":\"https:\/\/pedrovinuela.com\/es\/#website\"},\"datePublished\":\"2021-05-07T11:34:48+00:00\",\"dateModified\":\"2024-07-23T17:15:17+00:00\",\"description\":\"Rellena el formulario de booking mastering con los datos del proyecto y te enviaremos un presupuesto a medida seg\u00fan tus necesidades.\",\"breadcrumb\":{\"@id\":\"https:\/\/pedrovinuela.com\/es\/booking\/#breadcrumb\"},\"inLanguage\":\"es\",\"potentialAction\":[{\"@type\":\"ReadAction\",\"target\":[\"https:\/\/pedrovinuela.com\/es\/booking\/\"]}]},{\"@type\":\"BreadcrumbList\",\"@id\":\"https:\/\/pedrovinuela.com\/es\/booking\/#breadcrumb\",\"itemListElement\":[{\"@type\":\"ListItem\",\"position\":1,\"name\":\"Portada\",\"item\":\"https:\/\/pedrovinuela.com\/es\/\"},{\"@type\":\"ListItem\",\"position\":2,\"name\":\"Mastering, Masterizaci\u00f3n, tarifas, estudio de mastering\"}]},{\"@type\":\"WebSite\",\"@id\":\"https:\/\/pedrovinuela.com\/es\/#website\",\"url\":\"https:\/\/pedrovinuela.com\/es\/\",\"name\":\"Pedro Vi\u00f1uela\",\"description\":\"Premium Mastering\",\"publisher\":{\"@id\":\"https:\/\/pedrovinuela.com\/es\/#organization\"},\"potentialAction\":[{\"@type\":\"SearchAction\",\"target\":{\"@type\":\"EntryPoint\",\"urlTemplate\":\"https:\/\/pedrovinuela.com\/es\/?s={search_term_string}\"},\"query-input\":{\"@type\":\"PropertyValueSpecification\",\"valueRequired\":true,\"valueName\":\"search_term_string\"}}],\"inLanguage\":\"es\"},{\"@type\":\"Organization\",\"@id\":\"https:\/\/pedrovinuela.com\/es\/#organization\",\"name\":\"Pedro Vi\u00f1uela\",\"url\":\"https:\/\/pedrovinuela.com\/es\/\",\"logo\":{\"@type\":\"ImageObject\",\"inLanguage\":\"es\",\"@id\":\"https:\/\/pedrovinuela.com\/es\/#\/schema\/logo\/image\/\",\"url\":\"https:\/\/i0.wp.com\/pedrovinuela.com\/wp-content\/uploads\/2021\/04\/cropped-PV-Favicon-1-1-1.png?fit=512%2C512&ssl=1\",\"contentUrl\":\"https:\/\/i0.wp.com\/pedrovinuela.com\/wp-content\/uploads\/2021\/04\/cropped-PV-Favicon-1-1-1.png?fit=512%2C512&ssl=1\",\"width\":512,\"height\":512,\"caption\":\"Pedro Vi\u00f1uela\"},\"image\":{\"@id\":\"https:\/\/pedrovinuela.com\/es\/#\/schema\/logo\/image\/\"},\"sameAs\":[\"https:\/\/www.facebook.com\/pedroatthecontrols\/\",\"https:\/\/www.instagram.com\/pedrovinuelamastering\/\",\"https:\/\/www.youtube.com\/channel\/UCSjBWwLBiV8LUrHJ2GK1oyg\"]}]}<\/script>\n<!-- \/ Yoast SEO plugin. -->","yoast_head_json":{"title":"Reserva Masterizaci\u00f3n, presupuesto a medida - Pedro Vi\u00f1uela","description":"Rellena el formulario de booking mastering con los datos del proyecto y te enviaremos un presupuesto a medida seg\u00fan tus necesidades.","robots":{"index":"index","follow":"follow","max-snippet":"max-snippet:-1","max-image-preview":"max-image-preview:large","max-video-preview":"max-video-preview:-1"},"canonical":"https:\/\/pedrovinuela.com\/es\/booking\/","og_locale":"es_ES","og_type":"article","og_title":"Reserva Masterizaci\u00f3n, presupuesto a medida - Pedro Vi\u00f1uela","og_description":"Rellena el formulario de booking mastering con los datos del proyecto y te enviaremos un presupuesto a medida seg\u00fan tus necesidades.","og_url":"https:\/\/pedrovinuela.com\/es\/booking\/","og_site_name":"Pedro Vi\u00f1uela","article_publisher":"https:\/\/www.facebook.com\/pedroatthecontrols\/","article_modified_time":"2024-07-23T17:15:17+00:00","og_image":[{"width":2000,"height":1333,"url":"https:\/\/i0.wp.com\/pedrovinuela.com\/wp-content\/uploads\/2021\/06\/Manley.jpg?fit=2000%2C1333&ssl=1","type":"image\/jpeg"}],"twitter_card":"summary_large_image","twitter_misc":{"Tiempo de lectura":"4 minutos"},"schema":{"@context":"https:\/\/schema.org","@graph":[{"@type":"WebPage","@id":"https:\/\/pedrovinuela.com\/es\/booking\/","url":"https:\/\/pedrovinuela.com\/es\/booking\/","name":"Reserva Masterizaci\u00f3n, presupuesto a medida - Pedro Vi\u00f1uela","isPartOf":{"@id":"https:\/\/pedrovinuela.com\/es\/#website"},"datePublished":"2021-05-07T11:34:48+00:00","dateModified":"2024-07-23T17:15:17+00:00","description":"Rellena el formulario de booking mastering con los datos del proyecto y te enviaremos un presupuesto a medida seg\u00fan tus necesidades.","breadcrumb":{"@id":"https:\/\/pedrovinuela.com\/es\/booking\/#breadcrumb"},"inLanguage":"es","potentialAction":[{"@type":"ReadAction","target":["https:\/\/pedrovinuela.com\/es\/booking\/"]}]},{"@type":"BreadcrumbList","@id":"https:\/\/pedrovinuela.com\/es\/booking\/#breadcrumb","itemListElement":[{"@type":"ListItem","position":1,"name":"Portada","item":"https:\/\/pedrovinuela.com\/es\/"},{"@type":"ListItem","position":2,"name":"Mastering, Masterizaci\u00f3n, tarifas, estudio de mastering"}]},{"@type":"WebSite","@id":"https:\/\/pedrovinuela.com\/es\/#website","url":"https:\/\/pedrovinuela.com\/es\/","name":"Pedro Vi\u00f1uela","description":"Premium Mastering","publisher":{"@id":"https:\/\/pedrovinuela.com\/es\/#organization"},"potentialAction":[{"@type":"SearchAction","target":{"@type":"EntryPoint","urlTemplate":"https:\/\/pedrovinuela.com\/es\/?s={search_term_string}"},"query-input":{"@type":"PropertyValueSpecification","valueRequired":true,"valueName":"search_term_string"}}],"inLanguage":"es"},{"@type":"Organization","@id":"https:\/\/pedrovinuela.com\/es\/#organization","name":"Pedro Vi\u00f1uela","url":"https:\/\/pedrovinuela.com\/es\/","logo":{"@type":"ImageObject","inLanguage":"es","@id":"https:\/\/pedrovinuela.com\/es\/#\/schema\/logo\/image\/","url":"https:\/\/i0.wp.com\/pedrovinuela.com\/wp-content\/uploads\/2021\/04\/cropped-PV-Favicon-1-1-1.png?fit=512%2C512&ssl=1","contentUrl":"https:\/\/i0.wp.com\/pedrovinuela.com\/wp-content\/uploads\/2021\/04\/cropped-PV-Favicon-1-1-1.png?fit=512%2C512&ssl=1","width":512,"height":512,"caption":"Pedro Vi\u00f1uela"},"image":{"@id":"https:\/\/pedrovinuela.com\/es\/#\/schema\/logo\/image\/"},"sameAs":["https:\/\/www.facebook.com\/pedroatthecontrols\/","https:\/\/www.instagram.com\/pedrovinuelamastering\/","https:\/\/www.youtube.com\/channel\/UCSjBWwLBiV8LUrHJ2GK1oyg"]}]}},"jetpack_sharing_enabled":true,"_links":{"self":[{"href":"https:\/\/pedrovinuela.com\/es\/wp-json\/wp\/v2\/pages\/303","targetHints":{"allow":["GET"]}}],"collection":[{"href":"https:\/\/pedrovinuela.com\/es\/wp-json\/wp\/v2\/pages"}],"about":[{"href":"https:\/\/pedrovinuela.com\/es\/wp-json\/wp\/v2\/types\/page"}],"author":[{"embeddable":true,"href":"https:\/\/pedrovinuela.com\/es\/wp-json\/wp\/v2\/users\/1"}],"replies":[{"embeddable":true,"href":"https:\/\/pedrovinuela.com\/es\/wp-json\/wp\/v2\/comments?post=303"}],"version-history":[{"count":70,"href":"https:\/\/pedrovinuela.com\/es\/wp-json\/wp\/v2\/pages\/303\/revisions"}],"predecessor-version":[{"id":1474,"href":"https:\/\/pedrovinuela.com\/es\/wp-json\/wp\/v2\/pages\/303\/revisions\/1474"}],"wp:attachment":[{"href":"https:\/\/pedrovinuela.com\/es\/wp-json\/wp\/v2\/media?parent=303"}],"curies":[{"name":"wp","href":"https:\/\/api.w.org\/{rel}","templated":true}]}}