{"id":1489,"date":"2024-08-13T19:42:08","date_gmt":"2024-08-13T17:42:08","guid":{"rendered":"https:\/\/pedrovinuela.com\/?page_id=1489"},"modified":"2024-10-15T12:32:27","modified_gmt":"2024-10-15T10:32:27","slug":"contacto","status":"publish","type":"page","link":"https:\/\/pedrovinuela.com\/es\/contacto\/","title":{"rendered":"Ponte en contacto con"},"content":{"rendered":"<p>[et_pb_section fb_built=\u00bb1&#8243; fullwidth=\u00bbon\u00bb admin_label=\u00bbMapa Pedro Vi\u00f1uela\u00bb _builder_version=\u00bb4.27.0&#8243; _module_preset=\u00bbdefault\u00bb background_enable_color=\u00bboff\u00bb background_image=\u00bbhttps:\/\/pedrovinuela.com\/wp-content\/uploads\/2024\/10\/MapaCabecera.png\u00bb parallax=\u00bbon\u00bb min_height=\u00bb462px\u00bb custom_padding=\u00bb||20vw||false|false\u00bb collapsed=\u00bbon\u00bb global_colors_info=\u00bb{}\u00bb][\/et_pb_section][et_pb_section fb_built=\u00bb1&#8243; admin_label=\u00bbBio\u00bb _builder_version=\u00bb4.16&#8243; _module_preset=\u00bbdefault\u00bb background_color=\u00bb#fdfdfd\u00bb collapsed=\u00bboff\u00bb global_colors_info=\u00bb{}\u00bb][et_pb_row admin_label=\u00bbtexto Pedro Vi\u00f1uela\u00bb _builder_version=\u00bb4.16&#8243; _module_preset=\u00bbdefault\u00bb background_enable_color=\u00bboff\u00bb width=\u00bb100%\u00bb max_width=\u00bb100%\u00bb collapsed=\u00bboff\u00bb global_colors_info=\u00bb{}\u00bb][et_pb_column type=\u00bb4_4&#8243; _builder_version=\u00bb4.16&#8243; _module_preset=\u00bbdefault\u00bb global_colors_info=\u00bb{}\u00bb][et_pb_text _builder_version=\u00bb4.27.0&#8243; _module_preset=\u00bbdefault\u00bb text_font=\u00bb|600|||||||\u00bb text_text_color=\u00bb#fdfdfd\u00bb text_font_size=\u00bb10vw\u00bb text_letter_spacing=\u00bb-2px\u00bb text_line_height=\u00bb1.8em\u00bb background_enable_color=\u00bboff\u00bb custom_margin=\u00bb-16vw||0px||false|false\u00bb custom_margin_tablet=\u00bb-14vw||0px||false|false\u00bb custom_margin_phone=\u00bb-16vw||||false|false\u00bb custom_margin_last_edited=\u00bbon|phone\u00bb custom_padding=\u00bb||6px|||\u00bb animation_direction=\u00bbbottom\u00bb text_letter_spacing_tablet=\u00bb-2px\u00bb text_letter_spacing_phone=\u00bb0px\u00bb text_letter_spacing_last_edited=\u00bbon|phone\u00bb global_colors_info=\u00bb{}\u00bb]<\/p>\n<p>Contacto<\/p>\n<p>[\/et_pb_text][\/et_pb_column][\/et_pb_row][et_pb_row column_structure=\u00bb1_5,3_5,1_5&#8243; admin_label=\u00bbformulario\u00bb _builder_version=\u00bb4.27.0&#8243; _module_preset=\u00bbdefault\u00bb background_enable_color=\u00bboff\u00bb max_width=\u00bb100%\u00bb custom_margin=\u00bb-5vw|auto||auto|false|false\u00bb custom_margin_tablet=\u00bb||||false|false\u00bb custom_margin_phone=\u00bb-16vw|auto||auto|false|false\u00bb custom_margin_last_edited=\u00bbon|tablet\u00bb custom_padding=\u00bb||||false|false\u00bb collapsed=\u00bboff\u00bb global_colors_info=\u00bb{}\u00bb][et_pb_column type=\u00bb1_5&#8243; _builder_version=\u00bb4.16&#8243; _module_preset=\u00bbdefault\u00bb global_colors_info=\u00bb{}\u00bb][\/et_pb_column][et_pb_column type=\u00bb3_5&#8243; _builder_version=\u00bb4.16&#8243; _module_preset=\u00bbdefault\u00bb global_colors_info=\u00bb{}\u00bb][et_pb_text _builder_version=\u00bb4.27.0&#8243; _module_preset=\u00bbdefault\u00bb text_font=\u00bb||||||||\u00bb text_text_color=\u00bb#141414&#8243; header_2_font_size=\u00bb16px\u00bb width=\u00bb80%\u00bb module_alignment=\u00bbcenter\u00bb custom_margin=\u00bb-3vw||||false|false\u00bb custom_margin_tablet=\u00bb-6vw||||false|false\u00bb custom_margin_phone=\u00bb\u00bb custom_margin_last_edited=\u00bbon|tablet\u00bb custom_padding=\u00bb||1vw||false|false\u00bb global_colors_info=\u00bb{}\u00bb]<\/p>\n<p style=\"text-align: center;\">No dudes en ponerte en contacto conmigo para consultar disponibilidad, tarifas, cualquier duda sobre mis servicios, o para hacerme una propuesta interesante.<\/p>\n<p>[\/et_pb_text][\/et_pb_column][et_pb_column type=\u00bb1_5&#8243; _builder_version=\u00bb4.27.0&#8243; _module_preset=\u00bbdefault\u00bb global_colors_info=\u00bb{}\u00bb][\/et_pb_column][\/et_pb_row][et_pb_row column_structure=\u00bb1_3,1_3,1_3&#8243; _builder_version=\u00bb4.27.0&#8243; _module_preset=\u00bbdefault\u00bb custom_margin_tablet=\u00bb-8vw||||false|false\u00bb custom_margin_phone=\u00bb-8vw||||false|false\u00bb custom_margin_last_edited=\u00bbon|tablet\u00bb global_colors_info=\u00bb{}\u00bb][et_pb_column type=\u00bb1_3&#8243; _builder_version=\u00bb4.27.0&#8243; _module_preset=\u00bbdefault\u00bb global_colors_info=\u00bb{}\u00bb][et_pb_blurb title=\u00bbContacto general\u00bb use_icon=\u00bbon\u00bb font_icon=\u00bb&#xe010;||divi||400&#8243; icon_color=\u00bbgcid-8c5294c4-1120-49e5-adb9-5290fb330491&#8243; image_icon_width=\u00bb50px\u00bb _builder_version=\u00bb4.27.0&#8243; _module_preset=\u00bbdefault\u00bb header_text_color=\u00bb#141414&#8243; body_text_color=\u00bb#141414&#8243; body_link_font=\u00bb|||||||RGBA(255,255,255,0)|\u00bb body_link_text_color=\u00bb#141414&#8243; text_orientation=\u00bbcenter\u00bb global_colors_info=\u00bb{%22gcid-8c5294c4-1120-49e5-adb9-5290fb330491%22:%91%22icon_color%22%93}\u00bb]<\/p>\n<p><span style=\"text-decoration: underline;\"><a href=\"mailto:info@pedrovinuela.com\">info@pedrovinuela.com<\/a><\/span><\/p>\n<p>[\/et_pb_blurb][\/et_pb_column][et_pb_column type=\u00bb1_3&#8243; _builder_version=\u00bb4.27.0&#8243; _module_preset=\u00bbdefault\u00bb global_colors_info=\u00bb{}\u00bb][et_pb_blurb title=\u00bbTel\u00e9fono y Whatsapp\u00bb use_icon=\u00bbon\u00bb font_icon=\u00bb&#xf3cd;||fa||900&#8243; icon_color=\u00bbgcid-8c5294c4-1120-49e5-adb9-5290fb330491&#8243; image_icon_width=\u00bb50px\u00bb _builder_version=\u00bb4.27.0&#8243; _module_preset=\u00bbdefault\u00bb header_text_color=\u00bb#141414&#8243; body_text_color=\u00bb#141414&#8243; text_orientation=\u00bbcenter\u00bb global_colors_info=\u00bb{%22gcid-8c5294c4-1120-49e5-adb9-5290fb330491%22:%91%22icon_color%22%93}\u00bb]<\/p>\n<p>(+49) 1577 4024683<br \/>(+34) 610 019 426<\/p>\n<p>[\/et_pb_blurb][\/et_pb_column][et_pb_column type=\u00bb1_3&#8243; _builder_version=\u00bb4.27.0&#8243; _module_preset=\u00bbdefault\u00bb global_colors_info=\u00bb{}\u00bb][et_pb_blurb title=\u00bbVen al estudio\u00bb use_icon=\u00bbon\u00bb font_icon=\u00bb&#xf3c5;||fa||900&#8243; icon_color=\u00bbgcid-8c5294c4-1120-49e5-adb9-5290fb330491&#8243; image_icon_width=\u00bb50px\u00bb _builder_version=\u00bb4.27.0&#8243; _module_preset=\u00bbdefault\u00bb header_text_color=\u00bb#141414&#8243; body_text_color=\u00bb#141414&#8243; text_orientation=\u00bbcenter\u00bb global_colors_info=\u00bb{%22gcid-8c5294c4-1120-49e5-adb9-5290fb330491%22:%91%22icon_color%22%93}\u00bb]Schlesische Str. 38, 10997 (Berl\u00edn)[\/et_pb_blurb][\/et_pb_column][\/et_pb_row][\/et_pb_section][et_pb_section fb_built=\u00bb1&#8243; _builder_version=\u00bb4.27.0&#8243; _module_preset=\u00bbdefault\u00bb background_color=\u00bb#141414&#8243; background_enable_image=\u00bboff\u00bb parallax=\u00bbon\u00bb parallax_method=\u00bboff\u00bb custom_padding=\u00bb|1px||||\u00bb global_colors_info=\u00bb{}\u00bb][et_pb_row _builder_version=\u00bb4.27.0&#8243; _module_preset=\u00bbdefault\u00bb width=\u00bb50%\u00bb global_colors_info=\u00bb{}\u00bb][et_pb_column type=\u00bb4_4&#8243; _builder_version=\u00bb4.16&#8243; _module_preset=\u00bbdefault\u00bb global_colors_info=\u00bb{}\u00bb][et_pb_toggle title=\u00bbEntrega\u00bb open_toggle_text_color=\u00bbgcid-heading-color\u00bb open_toggle_background_color=\u00bb#FFFFFF\u00bb closed_toggle_text_color=\u00bbgcid-heading-color\u00bb closed_toggle_background_color=\u00bbRGBA(255,255,255,0)\u00bb icon_color=\u00bbgcid-heading-color\u00bb toggle_icon=\u00bb&#xe050;||divi||400&#8243; open_icon_color=\u00bb#141414&#8243; _builder_version=\u00bb4.27.0&#8243; _module_preset=\u00bbdefault\u00bb title_text_color=\u00bb#66E200&#8243; title_level=\u00bbh2&#8243; title_text_align=\u00bbcenter\u00bb title_font_size=\u00bb40px\u00bb background_color=\u00bbRGBA(255,255,255,0)\u00bb border_width_all=\u00bb0px\u00bb icon_font_size__hover_enabled=\u00bboff|desktop\u00bb global_colors_info=\u00bb{%22gcid-heading-color%22:%91%22icon_color%22,%22open_toggle_text_color%22,%22closed_toggle_text_color%22%93}\u00bb title_text_color__hover_enabled=\u00bboff|desktop\u00bb]<\/p>\n<h2><\/h2>\n<h2><\/h2>\n<h2>Masterizaci\u00f3n est\u00e9reo<\/h2>\n<p>Archivos Wav con la misma frecuencia de muestreo que el proyecto original. Al menos a 24 BITs, preferiblemente 32 BITs Float <\/p>\n<p>Los picos no deben superar los -3 dBFS.<\/p>\n<p>Si tienes alg\u00fan procesador en el bus maestro para ganar volumen (compresi\u00f3n o limitaci\u00f3n), enviamos dos versiones, una tal como la tienes y otra sin esos procesos.<\/p>\n<p>Las pistas y los archivos deben estar correctamente etiquetados<\/p>\n<h3>DDP<\/h3>\n<p>Si vas a fabricar CD y necesitas un DDP, env\u00edame la copia de la etiqueta o los metadatos exactamente como deben ir en el disco (artista, t\u00edtulo del disco, t\u00edtulos de las canciones y orden y c\u00f3digos EAN\/UPC e ISRC).<\/p>\n<p>&nbsp;<\/p>\n<h2>Dolby Atmos<\/h2>\n<p>Para masterizar mezclas Atmos, env\u00eda el ADM Wav BWF en un ZIP.<br \/>La frecuencia de muestreo debe ser de 48 KHz y la velocidad de bits de al menos 24 BITs.<\/p>\n<p>Para Upmix desde est\u00e9reo, aseg\u00farate de que una vez exportados los stems, cuando se coloquen en un nuevo proyecto, la canci\u00f3n suene igual que la mezcla original.<br \/>Es importante mantener el sonido de la mezcla original procesando los buses y el bus maestro.<br \/>Si la m\u00fasica ya se ha publicado, necesitamos los masters est\u00e9reo originales.<\/p>\n<p>&nbsp;<\/p>\n<h2>Mezcla est\u00e9reo<\/h2>\n<p>Archivos Wav a la misma frecuencia de muestreo que el proyecto original.<br \/>Preferiblemente 32 BITs Float, en cualquier caso al menos 24 BITs.<\/p>\n<p>Para las mezclas desde cero, env\u00eda todo el audio tal cual, s\u00f3lo con efectos de dise\u00f1o de sonido (retardos, flangers y modulaci\u00f3n, distorsi\u00f3n&#8230;).<br \/>En el caso de las Mezclas, separa los stems de efectos de reverberaci\u00f3n y retardo, no en el mismo archivo.<br \/>Excepto si hay efectos de dise\u00f1o de sonido.<\/p>\n<p>&nbsp;<\/p>\n<p>[\/et_pb_toggle][\/et_pb_column][\/et_pb_row][\/et_pb_section][et_pb_section fb_built=\u00bb1&#8243; _builder_version=\u00bb4.27.0&#8243; _module_preset=\u00bbdefault\u00bb background_color=\u00bbgcid-heading-color\u00bb global_colors_info=\u00bb{%22gcid-heading-color%22:%91%22background_color%22%93}\u00bb][et_pb_row _builder_version=\u00bb4.27.0&#8243; _module_preset=\u00bbdefault\u00bb global_colors_info=\u00bb{}\u00bb][et_pb_column type=\u00bb4_4&#8243; _builder_version=\u00bb4.27.0&#8243; _module_preset=\u00bbdefault\u00bb global_colors_info=\u00bb{}\u00bb][et_pb_text _builder_version=\u00bb4.27.0&#8243; _module_preset=\u00bbdefault\u00bb text_text_color=\u00bb#141414&#8243; global_colors_info=\u00bb{}\u00bb]<\/p>\n<p class=\"p1\"><span class=\"s1\">Mi forma de<span> <\/span>masterizar<span> <\/span>es siempre respetuosa con la mezcla original.<\/span><span class=\"s1\"><\/span><\/p>\n<p class=\"p1\">La primera vez que trabajes conmigo, buscaremos juntos tu sonido<span> <\/span> y llevaremos<span class=\"s1\">las mezclas a su m\u00e1ximo potencial.<\/span><\/p>\n<p class=\"p1\"><span class=\"s1\"><span>Si lo solicitas, analizar\u00e9 y evaluar\u00e9 tu mezcla antes de la masterizaci\u00f3n.<\/span><\/span><span class=\"s1\"><span>As\u00ed podr\u00e9 entender tu sonido y tambi\u00e9n comentar\u00e9 los aspectos t\u00e9cnicos que se pueden mejorar para hacer un m\u00e1ster a\u00fan mejor.<\/span><\/span><\/p>\n<p class=\"p1\"><span class=\"s1\"><span>Para el servicio Atmos, puedes hacerme las preguntas que consideres necesarias para tu proyecto.<\/span><\/span><\/p>\n<p>[\/et_pb_text][\/et_pb_column][\/et_pb_row][\/et_pb_section][et_pb_section fb_built=\u00bb1&#8243; _builder_version=\u00bb4.27.0&#8243; _module_preset=\u00bbdefault\u00bb background_color=\u00bb#0a0a0a\u00bb custom_padding=\u00bb||4vw||false|false\u00bb top_divider_color=\u00bbgcid-8c5294c4-1120-49e5-adb9-5290fb330491&#8243; bottom_divider_color=\u00bbgcid-heading-color\u00bb global_colors_info=\u00bb{%22gcid-heading-color%22:%91%22bottom_divider_color%22%93}\u00bb][et_pb_row _builder_version=\u00bb4.27.0&#8243; _module_preset=\u00bbdefault\u00bb width=\u00bb50%\u00bb global_colors_info=\u00bb{}\u00bb][et_pb_column type=\u00bb4_4&#8243; _builder_version=\u00bb4.16&#8243; _module_preset=\u00bbdefault\u00bb global_colors_info=\u00bb{}\u00bb][et_pb_toggle title=\u00bb\u00bfC\u00f3mo funciona?\u00bb open_toggle_text_color=\u00bbgcid-heading-color\u00bb open_toggle_background_color=\u00bb#FFFFFF\u00bb closed_toggle_text_color=\u00bbgcid-heading-color\u00bb closed_toggle_background_color=\u00bbRGBA(255,255,255,0)\u00bb icon_color=\u00bbgcid-heading-color\u00bb open_icon_color=\u00bb#141414&#8243; _builder_version=\u00bb4.27.0&#8243; _module_preset=\u00bbdefault\u00bb title_text_color=\u00bb#66E200&#8243; title_level=\u00bbh2&#8243; title_text_align=\u00bbcenter\u00bb title_font_size=\u00bb40px\u00bb background_color=\u00bbRGBA(255,255,255,0)\u00bb border_width_all=\u00bb0px\u00bb icon_font_size__hover_enabled=\u00bboff|desktop\u00bb global_colors_info=\u00bb{%22gcid-heading-color%22:%91%22icon_color%22,%22open_toggle_text_color%22,%22closed_toggle_text_color%22%93}\u00bb title_text_color__hover_enabled=\u00bboff|desktop\u00bb]<\/p>\n<h2><\/h2>\n<h2><\/h2>\n<h2>1.<\/h2>\n<p class=\"p2\">Ponte en contacto con nosotros y cu\u00e9ntanos tu proyecto. Encontraremos el servicio que mejor se adapte a tus necesidades.   <\/p>\n<p class=\"p2\">Si necesitas m\u00e1s informaci\u00f3n o tienes alguna pregunta, podemos concertar una cita (en persona o por tel\u00e9fono).<\/p>\n<p class=\"p2\">\n<h3>2.<\/h3>\n<p class=\"p2\">Tras recibir tu material y confirmar los detalles administrativos, moveremos tu disco a la cola de trabajo.<\/p>\n<p class=\"p1\">Si has elegido \u00abcomentarios sobre la mezcla\u00bb, Pedro comentar\u00e1 los puntos que podr\u00edan mejorarse para hacer una masterizaci\u00f3n mejor.<\/p>\n<p>&nbsp;<\/p>\n<h2>3.<\/h2>\n<p class=\"p1\">En unos d\u00edas recibir\u00e1s tu t\u00edtulo de m\u00e1ster.<\/p>\n<p class=\"p1\">En este momento se abre un periodo de escucha por tu parte.<br \/>Haremos los cambios y revisiones necesarios (hasta 3) para que sea de tu agrado.<\/p>\n<p>&nbsp;<\/p>\n<h2>4.<\/h2>\n<p>Una vez aprobado el m\u00e1ster definitivo, podr\u00e1 descargarse durante 3 meses en nuestro sistema.<\/p>\n<p>&nbsp;<\/p>\n<p>[\/et_pb_toggle][\/et_pb_column][\/et_pb_row][\/et_pb_section][et_pb_section fb_built=\u00bb1&#8243; _builder_version=\u00bb4.27.0&#8243; _module_preset=\u00bbdefault\u00bb background_color=\u00bb#141414&#8243; background_image=\u00bbhttps:\/\/pedrovinuela.com\/wp-content\/uploads\/2024\/10\/MapaCabecera.png\u00bb background_size=\u00bbinitial\u00bb background_blend=\u00bbdarken\u00bb global_colors_info=\u00bb{}\u00bb][et_pb_row column_structure=\u00bb1_3,1_3,1_3&#8243; _builder_version=\u00bb4.27.0&#8243; _module_preset=\u00bbdefault\u00bb background_last_edited=\u00bbon|phone\u00bb background_enable_color_tablet=\u00bboff\u00bb global_colors_info=\u00bb{}\u00bb][et_pb_column type=\u00bb1_3&#8243; _builder_version=\u00bb4.27.0&#8243; _module_preset=\u00bbdefault\u00bb global_colors_info=\u00bb{}\u00bb][et_pb_blurb title=\u00bbContacto general\u00bb use_icon=\u00bbon\u00bb font_icon=\u00bb&#xe010;||divi||400&#8243; icon_color=\u00bbgcid-8c5294c4-1120-49e5-adb9-5290fb330491&#8243; image_icon_width=\u00bb50px\u00bb _builder_version=\u00bb4.27.0&#8243; _module_preset=\u00bbdefault\u00bb header_text_color=\u00bb#FDFDFD\u00bb body_text_color=\u00bb#141414&#8243; body_link_font=\u00bb|||||||RGBA(255,255,255,0)|\u00bb body_link_text_color=\u00bb#FDFDFD\u00bb background_enable_color=\u00bboff\u00bb text_orientation=\u00bbcenter\u00bb global_colors_info=\u00bb{%22gcid-8c5294c4-1120-49e5-adb9-5290fb330491%22:%91%22icon_color%22%93}\u00bb]<\/p>\n<p><span style=\"text-decoration: underline;\"><a href=\"mailto:info@pedrovinuela.com\">info@pedrovinuela.com<\/a><\/span><\/p>\n<p>[\/et_pb_blurb][\/et_pb_column][et_pb_column type=\u00bb1_3&#8243; _builder_version=\u00bb4.27.0&#8243; _module_preset=\u00bbdefault\u00bb global_colors_info=\u00bb{}\u00bb][et_pb_blurb title=\u00bbTel\u00e9fono y Whatsapp\u00bb use_icon=\u00bbon\u00bb font_icon=\u00bb&#xf3cd;||fa||900&#8243; icon_color=\u00bbgcid-8c5294c4-1120-49e5-adb9-5290fb330491&#8243; image_icon_width=\u00bb50px\u00bb _builder_version=\u00bb4.27.0&#8243; _module_preset=\u00bbdefault\u00bb header_text_color=\u00bb#FDFDFD\u00bb body_text_color=\u00bb#FDFDFD\u00bb text_orientation=\u00bbcenter\u00bb global_colors_info=\u00bb{%22gcid-8c5294c4-1120-49e5-adb9-5290fb330491%22:%91%22icon_color%22%93}\u00bb](+49) 1577 4024683<br \/>\n(+34) 610 019 426[\/et_pb_blurb][\/et_pb_column][et_pb_column type=\u00bb1_3&#8243; _builder_version=\u00bb4.27.0&#8243; _module_preset=\u00bbdefault\u00bb global_colors_info=\u00bb{}\u00bb][et_pb_blurb title=\u00bbVen al estudio\u00bb use_icon=\u00bbon\u00bb font_icon=\u00bb&#xf3c5;||fa||900&#8243; icon_color=\u00bbgcid-8c5294c4-1120-49e5-adb9-5290fb330491&#8243; image_icon_width=\u00bb50px\u00bb _builder_version=\u00bb4.27.0&#8243; _module_preset=\u00bbdefault\u00bb header_text_color=\u00bb#FDFDFD\u00bb body_text_color=\u00bb#FDFDFD\u00bb text_orientation=\u00bbcenter\u00bb global_colors_info=\u00bb{%22gcid-8c5294c4-1120-49e5-adb9-5290fb330491%22:%91%22icon_color%22%93}\u00bb]Schlesische Str. 38, 10997 (Berl\u00edn)[\/et_pb_blurb][\/et_pb_column][\/et_pb_row][\/et_pb_section]<\/p>\n","protected":false},"excerpt":{"rendered":"<p>ContactoNo dudes en ponerte en contacto conmigo para consultar disponibilidad, tarifas, cualquier duda sobre mis servicios, o para hacerme una propuesta interesante.info@pedrovinuela.com(+49) 1577 4024683(+34) 610 019 426Schlesische Str. 38, 10997 (Berl\u00edn) Masterizaci\u00f3n est\u00e9reo Archivos Wav con la misma frecuencia de muestreo que el proyecto original. Al menos a 24 BITs, preferiblemente 32 BITs Float Los [&hellip;]<\/p>\n","protected":false},"author":1,"featured_media":0,"parent":0,"menu_order":0,"comment_status":"closed","ping_status":"closed","template":"","meta":{"_et_pb_use_builder":"on","_et_pb_old_content":"","_et_gb_content_width":"","_monsterinsights_skip_tracking":false,"_monsterinsights_sitenote_active":false,"_monsterinsights_sitenote_note":"","_monsterinsights_sitenote_category":0,"footnotes":""},"class_list":["post-1489","page","type-page","status-publish","hentry"],"yoast_head":"<!-- This site is optimized with the Yoast SEO plugin v26.8 - https:\/\/yoast.com\/product\/yoast-seo-wordpress\/ -->\n<title>Ponte en contacto con - Pedro Vi\u00f1uela<\/title>\n<meta name=\"description\" content=\"Ponte en contacto con nosotros para encontrar la opci\u00f3n adecuada para tu proyecto y resolver todas tus dudas o simplemente ven a visitar el estudio.\" \/>\n<meta name=\"robots\" content=\"index, follow, max-snippet:-1, max-image-preview:large, max-video-preview:-1\" \/>\n<link rel=\"canonical\" href=\"https:\/\/pedrovinuela.com\/es\/contacto\/\" \/>\n<meta property=\"og:locale\" content=\"es_ES\" \/>\n<meta property=\"og:type\" content=\"article\" \/>\n<meta property=\"og:title\" content=\"Ponte en contacto con - Pedro Vi\u00f1uela\" \/>\n<meta property=\"og:description\" content=\"Ponte en contacto con nosotros para encontrar la opci\u00f3n adecuada para tu proyecto y resolver todas tus dudas o simplemente ven a visitar el estudio.\" \/>\n<meta property=\"og:url\" content=\"https:\/\/pedrovinuela.com\/es\/contacto\/\" \/>\n<meta property=\"og:site_name\" content=\"Pedro Vi\u00f1uela\" \/>\n<meta property=\"article:publisher\" content=\"https:\/\/www.facebook.com\/pedroatthecontrols\/\" \/>\n<meta property=\"article:modified_time\" content=\"2024-10-15T10:32:27+00:00\" \/>\n<meta property=\"og:image\" content=\"https:\/\/i0.wp.com\/pedrovinuela.com\/wp-content\/uploads\/2021\/06\/Manley.jpg?fit=2000%2C1333&ssl=1\" \/>\n\t<meta property=\"og:image:width\" content=\"2000\" \/>\n\t<meta property=\"og:image:height\" content=\"1333\" \/>\n\t<meta property=\"og:image:type\" content=\"image\/jpeg\" \/>\n<meta name=\"twitter:card\" content=\"summary_large_image\" \/>\n<script type=\"application\/ld+json\" class=\"yoast-schema-graph\">{\"@context\":\"https:\/\/schema.org\",\"@graph\":[{\"@type\":\"WebPage\",\"@id\":\"https:\/\/pedrovinuela.com\/es\/contacto\/\",\"url\":\"https:\/\/pedrovinuela.com\/es\/contacto\/\",\"name\":\"Ponte en contacto con - Pedro Vi\u00f1uela\",\"isPartOf\":{\"@id\":\"https:\/\/pedrovinuela.com\/es\/#website\"},\"datePublished\":\"2024-08-13T17:42:08+00:00\",\"dateModified\":\"2024-10-15T10:32:27+00:00\",\"description\":\"Ponte en contacto con nosotros para encontrar la opci\u00f3n adecuada para tu proyecto y resolver todas tus dudas o simplemente ven a visitar el estudio.\",\"breadcrumb\":{\"@id\":\"https:\/\/pedrovinuela.com\/es\/contacto\/#breadcrumb\"},\"inLanguage\":\"es\",\"potentialAction\":[{\"@type\":\"ReadAction\",\"target\":[\"https:\/\/pedrovinuela.com\/es\/contacto\/\"]}]},{\"@type\":\"BreadcrumbList\",\"@id\":\"https:\/\/pedrovinuela.com\/es\/contacto\/#breadcrumb\",\"itemListElement\":[{\"@type\":\"ListItem\",\"position\":1,\"name\":\"Portada\",\"item\":\"https:\/\/pedrovinuela.com\/es\/\"},{\"@type\":\"ListItem\",\"position\":2,\"name\":\"Ponte en contacto con\"}]},{\"@type\":\"WebSite\",\"@id\":\"https:\/\/pedrovinuela.com\/es\/#website\",\"url\":\"https:\/\/pedrovinuela.com\/es\/\",\"name\":\"Pedro Vi\u00f1uela\",\"description\":\"Premium Mastering\",\"publisher\":{\"@id\":\"https:\/\/pedrovinuela.com\/es\/#organization\"},\"potentialAction\":[{\"@type\":\"SearchAction\",\"target\":{\"@type\":\"EntryPoint\",\"urlTemplate\":\"https:\/\/pedrovinuela.com\/es\/?s={search_term_string}\"},\"query-input\":{\"@type\":\"PropertyValueSpecification\",\"valueRequired\":true,\"valueName\":\"search_term_string\"}}],\"inLanguage\":\"es\"},{\"@type\":\"Organization\",\"@id\":\"https:\/\/pedrovinuela.com\/es\/#organization\",\"name\":\"Pedro Vi\u00f1uela\",\"url\":\"https:\/\/pedrovinuela.com\/es\/\",\"logo\":{\"@type\":\"ImageObject\",\"inLanguage\":\"es\",\"@id\":\"https:\/\/pedrovinuela.com\/es\/#\/schema\/logo\/image\/\",\"url\":\"https:\/\/i0.wp.com\/pedrovinuela.com\/wp-content\/uploads\/2021\/04\/cropped-PV-Favicon-1-1-1.png?fit=512%2C512&ssl=1\",\"contentUrl\":\"https:\/\/i0.wp.com\/pedrovinuela.com\/wp-content\/uploads\/2021\/04\/cropped-PV-Favicon-1-1-1.png?fit=512%2C512&ssl=1\",\"width\":512,\"height\":512,\"caption\":\"Pedro Vi\u00f1uela\"},\"image\":{\"@id\":\"https:\/\/pedrovinuela.com\/es\/#\/schema\/logo\/image\/\"},\"sameAs\":[\"https:\/\/www.facebook.com\/pedroatthecontrols\/\",\"https:\/\/www.instagram.com\/pedrovinuelamastering\/\",\"https:\/\/www.youtube.com\/channel\/UCSjBWwLBiV8LUrHJ2GK1oyg\"]}]}<\/script>\n<!-- \/ Yoast SEO plugin. -->","yoast_head_json":{"title":"Ponte en contacto con - Pedro Vi\u00f1uela","description":"Ponte en contacto con nosotros para encontrar la opci\u00f3n adecuada para tu proyecto y resolver todas tus dudas o simplemente ven a visitar el estudio.","robots":{"index":"index","follow":"follow","max-snippet":"max-snippet:-1","max-image-preview":"max-image-preview:large","max-video-preview":"max-video-preview:-1"},"canonical":"https:\/\/pedrovinuela.com\/es\/contacto\/","og_locale":"es_ES","og_type":"article","og_title":"Ponte en contacto con - Pedro Vi\u00f1uela","og_description":"Ponte en contacto con nosotros para encontrar la opci\u00f3n adecuada para tu proyecto y resolver todas tus dudas o simplemente ven a visitar el estudio.","og_url":"https:\/\/pedrovinuela.com\/es\/contacto\/","og_site_name":"Pedro Vi\u00f1uela","article_publisher":"https:\/\/www.facebook.com\/pedroatthecontrols\/","article_modified_time":"2024-10-15T10:32:27+00:00","og_image":[{"width":2000,"height":1333,"url":"https:\/\/i0.wp.com\/pedrovinuela.com\/wp-content\/uploads\/2021\/06\/Manley.jpg?fit=2000%2C1333&ssl=1","type":"image\/jpeg"}],"twitter_card":"summary_large_image","schema":{"@context":"https:\/\/schema.org","@graph":[{"@type":"WebPage","@id":"https:\/\/pedrovinuela.com\/es\/contacto\/","url":"https:\/\/pedrovinuela.com\/es\/contacto\/","name":"Ponte en contacto con - Pedro Vi\u00f1uela","isPartOf":{"@id":"https:\/\/pedrovinuela.com\/es\/#website"},"datePublished":"2024-08-13T17:42:08+00:00","dateModified":"2024-10-15T10:32:27+00:00","description":"Ponte en contacto con nosotros para encontrar la opci\u00f3n adecuada para tu proyecto y resolver todas tus dudas o simplemente ven a visitar el estudio.","breadcrumb":{"@id":"https:\/\/pedrovinuela.com\/es\/contacto\/#breadcrumb"},"inLanguage":"es","potentialAction":[{"@type":"ReadAction","target":["https:\/\/pedrovinuela.com\/es\/contacto\/"]}]},{"@type":"BreadcrumbList","@id":"https:\/\/pedrovinuela.com\/es\/contacto\/#breadcrumb","itemListElement":[{"@type":"ListItem","position":1,"name":"Portada","item":"https:\/\/pedrovinuela.com\/es\/"},{"@type":"ListItem","position":2,"name":"Ponte en contacto con"}]},{"@type":"WebSite","@id":"https:\/\/pedrovinuela.com\/es\/#website","url":"https:\/\/pedrovinuela.com\/es\/","name":"Pedro Vi\u00f1uela","description":"Premium Mastering","publisher":{"@id":"https:\/\/pedrovinuela.com\/es\/#organization"},"potentialAction":[{"@type":"SearchAction","target":{"@type":"EntryPoint","urlTemplate":"https:\/\/pedrovinuela.com\/es\/?s={search_term_string}"},"query-input":{"@type":"PropertyValueSpecification","valueRequired":true,"valueName":"search_term_string"}}],"inLanguage":"es"},{"@type":"Organization","@id":"https:\/\/pedrovinuela.com\/es\/#organization","name":"Pedro Vi\u00f1uela","url":"https:\/\/pedrovinuela.com\/es\/","logo":{"@type":"ImageObject","inLanguage":"es","@id":"https:\/\/pedrovinuela.com\/es\/#\/schema\/logo\/image\/","url":"https:\/\/i0.wp.com\/pedrovinuela.com\/wp-content\/uploads\/2021\/04\/cropped-PV-Favicon-1-1-1.png?fit=512%2C512&ssl=1","contentUrl":"https:\/\/i0.wp.com\/pedrovinuela.com\/wp-content\/uploads\/2021\/04\/cropped-PV-Favicon-1-1-1.png?fit=512%2C512&ssl=1","width":512,"height":512,"caption":"Pedro Vi\u00f1uela"},"image":{"@id":"https:\/\/pedrovinuela.com\/es\/#\/schema\/logo\/image\/"},"sameAs":["https:\/\/www.facebook.com\/pedroatthecontrols\/","https:\/\/www.instagram.com\/pedrovinuelamastering\/","https:\/\/www.youtube.com\/channel\/UCSjBWwLBiV8LUrHJ2GK1oyg"]}]}},"jetpack_sharing_enabled":true,"_links":{"self":[{"href":"https:\/\/pedrovinuela.com\/es\/wp-json\/wp\/v2\/pages\/1489","targetHints":{"allow":["GET"]}}],"collection":[{"href":"https:\/\/pedrovinuela.com\/es\/wp-json\/wp\/v2\/pages"}],"about":[{"href":"https:\/\/pedrovinuela.com\/es\/wp-json\/wp\/v2\/types\/page"}],"author":[{"embeddable":true,"href":"https:\/\/pedrovinuela.com\/es\/wp-json\/wp\/v2\/users\/1"}],"replies":[{"embeddable":true,"href":"https:\/\/pedrovinuela.com\/es\/wp-json\/wp\/v2\/comments?post=1489"}],"version-history":[{"count":87,"href":"https:\/\/pedrovinuela.com\/es\/wp-json\/wp\/v2\/pages\/1489\/revisions"}],"predecessor-version":[{"id":1641,"href":"https:\/\/pedrovinuela.com\/es\/wp-json\/wp\/v2\/pages\/1489\/revisions\/1641"}],"wp:attachment":[{"href":"https:\/\/pedrovinuela.com\/es\/wp-json\/wp\/v2\/media?parent=1489"}],"curies":[{"name":"wp","href":"https:\/\/api.w.org\/{rel}","templated":true}]}}