{"id":1081,"date":"2022-05-11T18:51:05","date_gmt":"2022-05-11T16:51:05","guid":{"rendered":"https:\/\/pedrovinuela.com\/?page_id=1081"},"modified":"2024-07-23T18:10:22","modified_gmt":"2024-07-23T16:10:22","slug":"booking-audio3d","status":"publish","type":"page","link":"https:\/\/pedrovinuela.com\/es\/booking-audio3d\/","title":{"rendered":"Reserva Audio 3D"},"content":{"rendered":"<p>[et_pb_section fb_built=\u00bb1&#8243; fullwidth=\u00bbon\u00bb admin_label=\u00bbFoto Pedro Vi\u00f1uela\u00bb _builder_version=\u00bb4.16&#8243; _module_preset=\u00bbdefault\u00bb background_enable_color=\u00bboff\u00bb background_image=\u00bbhttps:\/\/pedrovinuela.com\/wp-content\/uploads\/2021\/06\/Booking-Pedro-Vinuela-Mastering-scaled.jpg\u00bb parallax=\u00bbon\u00bb min_height=\u00bb462px\u00bb custom_padding=\u00bb||20vw||false|false\u00bb collapsed=\u00bbon\u00bb global_colors_info=\u00bb{}\u00bb][\/et_pb_section][et_pb_section fb_built=\u00bb1&#8243; admin_label=\u00bbBio\u00bb _builder_version=\u00bb4.17.3&#8243; _module_preset=\u00bbdefault\u00bb background_color=\u00bb#fdfdfd\u00bb custom_margin=\u00bb||0px||false|false\u00bb custom_margin_tablet=\u00bb||-10px||false|false\u00bb custom_margin_phone=\u00bb||-10px||false|false\u00bb custom_margin_last_edited=\u00bbon|tablet\u00bb collapsed=\u00bboff\u00bb global_colors_info=\u00bb{}\u00bb][et_pb_row admin_label=\u00bbtexto pedro vi\u00f1uela\u00bb _builder_version=\u00bb4.16&#8243; _module_preset=\u00bbdefault\u00bb background_enable_color=\u00bboff\u00bb width=\u00bb100%\u00bb max_width=\u00bb100%\u00bb collapsed=\u00bboff\u00bb global_colors_info=\u00bb{}\u00bb][et_pb_column type=\u00bb4_4&#8243; _builder_version=\u00bb4.16&#8243; _module_preset=\u00bbdefault\u00bb global_colors_info=\u00bb{}\u00bb][et_pb_text _builder_version=\u00bb4.17.3&#8243; _module_preset=\u00bbdefault\u00bb text_font=\u00bb|600|||||||\u00bb text_text_color=\u00bb#fdfdfd\u00bb text_font_size=\u00bb10vw\u00bb text_letter_spacing=\u00bb-10px\u00bb text_line_height=\u00bb1.8em\u00bb header_font=\u00bb|600|||||||\u00bb header_text_color=\u00bb#fdfdfd\u00bb header_font_size=\u00bb10vw\u00bb header_line_height=\u00bb1.8em\u00bb background_enable_color=\u00bboff\u00bb custom_margin=\u00bb-15vw||0px|-2px|false|false\u00bb custom_margin_tablet=\u00bb-15vw||0px|-2px|false|false\u00bb custom_margin_phone=\u00bb-19vw||||false|false\u00bb custom_margin_last_edited=\u00bbon|tablet\u00bb animation_style=\u00bbslide\u00bb animation_direction=\u00bbbottom\u00bb animation_intensity_slide=\u00bb5%\u00bb animation_starting_opacity=\u00bb100%\u00bb text_letter_spacing_tablet=\u00bb-4px\u00bb text_letter_spacing_phone=\u00bb0px\u00bb text_letter_spacing_last_edited=\u00bbon|phone\u00bb global_colors_info=\u00bb{}\u00bb]<\/p>\n<h1>Reserva Audio 3D<\/h1>\n<p>[\/et_pb_text][\/et_pb_column][\/et_pb_row][et_pb_row column_structure=\u00bb2_3,1_3&#8243; admin_label=\u00bbformulario\u00bb _builder_version=\u00bb4.17.3&#8243; _module_preset=\u00bbdefault\u00bb background_enable_color=\u00bboff\u00bb max_width=\u00bb100%\u00bb custom_margin=\u00bb-5vw|auto||auto|false|false\u00bb custom_margin_tablet=\u00bb\u00bb custom_margin_phone=\u00bb-16vw|auto||auto|false|false\u00bb custom_margin_last_edited=\u00bbon|phone\u00bb collapsed=\u00bboff\u00bb global_colors_info=\u00bb{}\u00bb][et_pb_column type=\u00bb2_3&#8243; _builder_version=\u00bb4.16&#8243; _module_preset=\u00bbdefault\u00bb global_colors_info=\u00bb{}\u00bb][wpforms_selector form_id=\u00bb1057&#8243; show_title=\u00bboff\u00bb show_desc=\u00bboff\u00bb _builder_version=\u00bb4.17.3&#8243; _module_preset=\u00bbdefault\u00bb width=\u00bb99.9%\u00bb global_colors_info=\u00bb{}\u00bb min_height__hover_enabled=\u00bbon|desktop\u00bb][\/wpforms_selector][\/et_pb_column][et_pb_column type=\u00bb1_3&#8243; _builder_version=\u00bb4.16&#8243; _module_preset=\u00bbdefault\u00bb global_colors_info=\u00bb{}\u00bb][et_pb_text _builder_version=\u00bb4.17.3&#8243; _module_preset=\u00bbdefault\u00bb text_font=\u00bb|300|||||||\u00bb text_text_color=\u00bb#686868&#8243; header_2_font_size=\u00bb16px\u00bb custom_margin_tablet=\u00bb4vw||||false|false\u00bb custom_margin_phone=\u00bb\u00bb custom_margin_last_edited=\u00bbon|tablet\u00bb global_colors_info=\u00bb{}\u00bb]<\/p>\n<p class=\"p1\">\n<p class=\"p1\">Si tienes cualquier duda o sugerencia adicional puedes dej\u00e1rnosla en el comentario del proyecto. <span>Podr\u00e1s hacerme las consultas de <a href=\"https:\/\/pedrovinuela.com\/es\/dolby-atmos\/\">Atmos<\/a> que consideres necesarias para tu proyecto.<\/span><\/p>\n<p>[\/et_pb_text][et_pb_text _builder_version=\u00bb4.17.4&#8243; _module_preset=\u00bbdefault\u00bb text_text_color=\u00bb#fdfdfd\u00bb header_2_text_color=\u00bb#fdfdfd\u00bb background_color=\u00bb#D48A57&#8243; border_width_all=\u00bb20px\u00bb border_color_all=\u00bb#D48A57&#8243; global_colors_info=\u00bb{}\u00bb]<\/p>\n<h2 style=\"text-align: center;\">Mezcla completa en Atmos<\/h2>\n<p style=\"text-align: center;\"><span style=\"font-size: 14px;\">Puedes dejar en mis manos tu mezcla desde cero, este servicio incluye el mastering en Atmos.<\/span><\/p>\n<p style=\"text-align: center;\">Adem\u00e1s, podemos extraer la mezcla est\u00e9reo y realizar un master est\u00e9reo.<\/p>\n<p>[\/et_pb_text][et_pb_text _builder_version=\u00bb4.17.4&#8243; _module_preset=\u00bbdefault\u00bb text_text_color=\u00bb#fdfdfd\u00bb header_2_text_color=\u00bb#fdfdfd\u00bb background_color=\u00bb#D48A57&#8243; custom_margin=\u00bb-20px||||false|false\u00bb border_width_all=\u00bb20px\u00bb border_color_all=\u00bb#D48A57&#8243; global_colors_info=\u00bb{}\u00bb]<\/p>\n<h2 style=\"text-align: center;\">Upmix desde est\u00e9reo<\/h2>\n<p style=\"text-align: center;\"> <span>Si ya tienes la mezcla de tu canci\u00f3n en est\u00e9reo y lo que quieres es convertirla a Atmos, necesitas hacer un upmix desde est\u00e9reo.<br \/>\nEste servicio incluye la masterizaci\u00f3n en Atmos. <\/span><\/p>\n<p>[\/et_pb_text][et_pb_text _builder_version=\u00bb4.17.4&#8243; _module_preset=\u00bbdefault\u00bb text_text_color=\u00bb#fdfdfd\u00bb header_2_text_color=\u00bb#fdfdfd\u00bb background_color=\u00bb#D48A57&#8243; custom_margin=\u00bb-20px||||false|false\u00bb custom_margin_tablet=\u00bb-20px||||false|false\u00bb custom_margin_phone=\u00bb-20px||||false|false\u00bb custom_margin_last_edited=\u00bbon|phone\u00bb border_width_all=\u00bb20px\u00bb border_color_all=\u00bb#D48A57&#8243; global_colors_info=\u00bb{}\u00bb]<\/p>\n<h2 style=\"text-align: center;\">Dominar Atmos<\/h2>\n<p style=\"text-align: center;\"> <span>Si tienes tu mezcla hecha en Atmos y necesitas finalizarla.<br \/>\nEvaluaci\u00f3n, correcci\u00f3n, mejora y creaci\u00f3n de los masters finales. <\/span><\/p>\n<p style=\"text-align: center;\"><span>Adem\u00e1s podemos hacer tu masterizaci\u00f3n est\u00e9reo extray\u00e9ndolo del Atmos.  <\/span><\/p>\n<p>[\/et_pb_text][et_pb_text _builder_version=\u00bb4.17.3&#8243; _module_preset=\u00bbdefault\u00bb text_font=\u00bb|300|||||||\u00bb text_text_color=\u00bb#686868&#8243; header_2_font_size=\u00bb16px\u00bb global_colors_info=\u00bb{}\u00bb]<\/p>\n<h2 class=\"p1\">\u00bfQu\u00e9 pasa despu\u00e9s?<\/h2>\n<p class=\"p1\">Resolveremos cualquier duda o sugerencia que tengas y elaboraremos un presupuesto a medida sin compromiso.<\/p>\n<p>[\/et_pb_text][et_pb_text _builder_version=\u00bb4.17.4&#8243; _module_preset=\u00bbdefault\u00bb text_font=\u00bb|300|||||||\u00bb text_text_color=\u00bb#686868&#8243; text_line_height=\u00bb1.2em\u00bb link_font=\u00bb|300|||||||\u00bb link_text_color=\u00bb#686868&#8243; header_2_font_size=\u00bb16px\u00bb custom_margin=\u00bb||||false|false\u00bb custom_margin_tablet=\u00bb||3vw||false|false\u00bb custom_margin_phone=\u00bb\u00bb custom_margin_last_edited=\u00bbon|tablet\u00bb global_colors_info=\u00bb{}\u00bb]<\/p>\n<h2 class=\"p1\">Contacto<\/h2>\n<p class=\"p1\"><strong>Correo electr\u00f3nico: <\/strong><span style=\"text-decoration: underline;\"><a href=\"mailto:booking@pedrovinuela.com\">booking@pedrovinuela.com<\/a><\/span>, <span style=\"text-decoration: underline;\"><a href=\"mailto:info@pedrovinuela.com\">info@pedrovinuela.com<\/a><\/span><\/p>\n<p class=\"p1\"><strong>Tel\u00e9fono y Whatsapp<\/strong> de Lunes a Viernes, de 10:00 a 18:00:<\/p>\n<p class=\"p1\">(+34) 610 019 426<\/p>\n<p>[\/et_pb_text][\/et_pb_column][\/et_pb_row][\/et_pb_section][et_pb_section fb_built=\u00bb1&#8243; _builder_version=\u00bb4.16&#8243; _module_preset=\u00bbdefault\u00bb background_color=\u00bb#D48A57&#8243; custom_margin=\u00bb||2px|||\u00bb global_colors_info=\u00bb{}\u00bb][et_pb_row custom_padding_last_edited=\u00bbon|tablet\u00bb _builder_version=\u00bb4.17.3&#8243; _module_preset=\u00bbdefault\u00bb custom_margin=\u00bb1vw||1vw||false|false\u00bb custom_margin_tablet=\u00bb0vw||||false|false\u00bb custom_margin_phone=\u00bb0vw||||false|false\u00bb custom_margin_last_edited=\u00bbon|desktop\u00bb custom_padding=\u00bb|0px||0px|false|false\u00bb custom_padding_tablet=\u00bb10vw|0px|10vw|0px|false|false\u00bb custom_padding_phone=\u00bb10vw|0px|20vw|0px|false|false\u00bb global_colors_info=\u00bb{}\u00bb][et_pb_column type=\u00bb4_4&#8243; _builder_version=\u00bb4.16&#8243; _module_preset=\u00bbdefault\u00bb global_colors_info=\u00bb{}\u00bb][et_pb_text _builder_version=\u00bb4.17.3&#8243; _module_preset=\u00bbdefault\u00bb text_text_color=\u00bb#fdfdfd\u00bb header_font_size=\u00bb25px\u00bb header_2_text_color=\u00bb#fdfdfd\u00bb header_2_font_size=\u00bb40px\u00bb header_3_text_color=\u00bb#fdfdfd\u00bb header_3_font_size=\u00bb28px\u00bb header_4_text_color=\u00bb#fdfdfd\u00bb header_4_font_size=\u00bb20px\u00bb custom_margin=\u00bb||2vw||false|false\u00bb animation_direction=\u00bbleft\u00bb header_2_font_size_tablet=\u00bb40px\u00bb header_2_font_size_phone=\u00bb27px\u00bb header_2_font_size_last_edited=\u00bbon|phone\u00bb header_3_font_size_tablet=\u00bb28px\u00bb header_3_font_size_phone=\u00bb21px\u00bb header_3_font_size_last_edited=\u00bbon|phone\u00bb header_4_font_size_tablet=\u00bb20px\u00bb header_4_font_size_phone=\u00bb17px\u00bb header_4_font_size_last_edited=\u00bbon|phone\u00bb global_colors_info=\u00bb{}\u00bb]<\/p>\n<h2 style=\"text-align: left;\">Plazos<\/h2>\n<p>&nbsp;<\/p>\n<p class=\"p1\" style=\"text-align: left;\">Los plazos dependen en gran medida de la fluidez y comunicaci\u00f3n que tengamos.<\/p>\n<p class=\"p1\" style=\"text-align: left;\">Habitualmente para un cliente nuevo suele haber alguna revisi\u00f3n hasta que damos con el sonido que busca y en gran medida los tiempos dependen del ritmo de trabajo que lleve.<br \/>\nPersonalmente, una vez que empezamos a trabajar me gusta mantener la comunicaci\u00f3n para que los trabajos sean fluidos. <\/p>\n<p class=\"p1\" style=\"text-align: left;\">Para clientes habituales, de los que ya conozco perfectamente su sonido, gustos y preferencias, el tiempo de todo el proceso suele ser menos de una semana desde la recepci\u00f3n del material.<\/p>\n<h3 class=\"p2\" style=\"text-align: left;\"><\/h3>\n<h3 class=\"p2\" style=\"text-align: left;\">Presupuesto<\/h3>\n<p class=\"p1\" style=\"text-align: left;\">El presupuesto tiene validez de un mes.<br \/>\nPasado este tiempo deber\u00e1s solicitar un nuevo presupuesto.<br \/>\nLas ofertas y condiciones pueden variar.  <\/p>\n<h3 class=\"p2\" style=\"text-align: left;\"><\/h3>\n<h3 class=\"p2\" style=\"text-align: left;\">Recepci\u00f3n del material<\/h3>\n<p class=\"p1\" style=\"text-align: left;\">A partir de la recepci\u00f3n del material y el pago, se agenda el proyecto.<br \/>\nSi has solicitado feedback del mix, lo tendr\u00e1s en unos tres d\u00edas. <\/p>\n<h3 class=\"p2\" style=\"text-align: left;\"><\/h3>\n<h3 class=\"p2\" style=\"text-align: left;\">Env\u00edo de la masterizaci\u00f3n<\/h3>\n<p class=\"p1\" style=\"text-align: left;\"><span>Tendr\u00e1s tu masterizaci\u00f3n completa en una semana (48h si has solicitado el servicio expr\u00e9s), contando desde la recepci\u00f3n del <\/span><span>material revisado.<\/span><\/p>\n<p class=\"p1\" style=\"text-align: left;\"><span><\/span><\/p>\n<h3 class=\"p2\" style=\"text-align: left;\"><\/h3>\n<h3 class=\"p2\" style=\"text-align: left;\">Revisiones<\/h3>\n<p class=\"p1\" style=\"text-align: left;\">Tras recibir tu master tendr\u00e1s una semana para escucharlo y comentarme las revisiones que consideres.<br \/>\nUna vez que me hagas llegar las modificaciones necesarias, se realizar\u00e1n en un plazo m\u00e1ximo de tres d\u00edas (24h si has solicitado el servicio express). <\/p>\n<p class=\"p1\" style=\"text-align: left;\">\n<h3 class=\"p2\" style=\"text-align: left;\">Audio 3D<\/h3>\n<p class=\"p1\" style=\"text-align: left;\">Los plazos de este servicio variar\u00edan en funci\u00f3n del n\u00famero de canciones, pistas y servicio escogido.<br \/>\nEs por esto que valorar\u00e9 cada trabajo de forma individual dando plazos que se ajusten en la medida de lo posible a tus expectativas. <\/p>\n<p>[\/et_pb_text][et_pb_text _builder_version=\u00bb4.17.3&#8243; _module_preset=\u00bbdefault\u00bb text_text_color=\u00bb#fdfdfd\u00bb header_font_size=\u00bb25px\u00bb header_2_text_color=\u00bb#fdfdfd\u00bb header_2_font_size=\u00bb40px\u00bb header_3_text_color=\u00bb#fdfdfd\u00bb header_3_font_size=\u00bb21px\u00bb header_4_text_color=\u00bb#fdfdfd\u00bb custom_margin=\u00bb4vw||||false|false\u00bb custom_margin_tablet=\u00bb12vw||||false|false\u00bb custom_margin_phone=\u00bb12vw||||false|false\u00bb custom_margin_last_edited=\u00bbon|tablet\u00bb animation_direction=\u00bbleft\u00bb header_2_font_size_tablet=\u00bb40px\u00bb header_2_font_size_phone=\u00bb27px\u00bb header_2_font_size_last_edited=\u00bbon|phone\u00bb header_4_font_size_tablet=\u00bb\u00bb header_4_font_size_phone=\u00bb17px\u00bb header_4_font_size_last_edited=\u00bbon|phone\u00bb global_colors_info=\u00bb{}\u00bb]<\/p>\n<h2 style=\"text-align: left;\">Recomendaciones de env\u00edo<\/h2>\n<p>&nbsp;<\/p>\n<h3 class=\"p2\" style=\"text-align: left;\">Dolby Atmos<\/h3>\n<p class=\"p1\" style=\"text-align: left;\">Para masterizar mezclas Atmos, env\u00eda el Wav BWF ADM en un ZIP.<br \/>\nLa frecuencia de muestreo debe ser de 48 KHz y el bit rate al menos a 24 BITs. <\/p>\n<p class=\"p1\" style=\"text-align: left;\">Para Upmix desde est\u00e9reo, aseg\u00farate de que una vez exportados los stems, al colocarlos en un nuevo proyecto, la canci\u00f3n suena igual que la mezcla original.<br \/>\nEs importante mantener el sonido de la mezcla original procesando buses y master bus.<br \/>\nSi la m\u00fasica ya ha salido al mercado, necesitamos los masters est\u00e9reos originales.  <\/p>\n<p class=\"p1\" style=\"text-align: left;\">\n<h3 class=\"p2\" style=\"text-align: left;\">Dominar Estereo<\/h3>\n<p class=\"p1\" style=\"text-align: left;\"><span style=\"font-size: 14px;\">Archivos Wav misma frecuencia de muestreo que el proyecto original.<br \/>\nPreferiblemente 32 BITs Float, en cualquier caso al menos a 24 BITs. <\/span><\/p>\n<p class=\"p1\" style=\"text-align: left;\">Los picos no deben pasar de -3 dBFS.<br \/>\nSi tienes alg\u00fan procesador en el bus maestro para ganar volumen (compresi\u00f3n o limitado), enviamos dos versiones, una tal cual lo tienes y otra sin esos procesos. <\/p>\n<h4 class=\"p2\" style=\"text-align: left;\">DDP<\/h4>\n<p class=\"p1\" style=\"text-align: left;\">Si vas a fabricar CDs y necesitas un DDP, env\u00edame el \u00ablabelcopy\u00bb o los metadatos exactamente como lo quieres en el disco (Artista, T\u00edtulo del disco, T\u00edtulos y orden de las canciones y c\u00f3digos EAN\/UPC e ISRC.<\/p>\n<p class=\"p1\" style=\"text-align: left;\">\n<h3 class=\"p2\" style=\"text-align: left;\"><\/h3>\n<h3 class=\"p2\" style=\"text-align: left;\">Mix Estereo<\/h3>\n<p class=\"p1\" style=\"text-align: left;\">Archivos Wav misma frecuencia de muestreo que el proyecto original.<br \/>\nPreferiblemente 32 BITs Float, en cualquier caso al menos a 24 BITs. <\/p>\n<p class=\"p1\" style=\"text-align: left;\">Para mezclas dede cero, env\u00eda todo el audio tal cual est\u00e1, s\u00f3lo con efectos de dise\u00f1o sonoro (retardos, flangers y modulaci\u00f3n, distorsi\u00f3n&#8230;).<br \/>\nEn caso de Mezcla de V\u00e1stagos, los v\u00e1stagos de efectos de reverberaci\u00f3n y retardo separados, no en el mismo archivo.<br \/>\nExcepto si hay efectos de dise\u00f1o sonoro.  <\/p>\n<h3 class=\"p2\" style=\"text-align: left;\"><\/h3>\n<h3 class=\"p2\" style=\"text-align: left;\"><\/h3>\n<p>[\/et_pb_text][\/et_pb_column][\/et_pb_row][\/et_pb_section]<\/p>\n","protected":false},"excerpt":{"rendered":"<p>Reserva Audio 3D [wpforms_selector form_id=\u00bb1057&#8243; show_title=\u00bboff\u00bb show_desc=\u00bboff\u00bb _builder_version=\u00bb4.17.3&#8243; _module_preset=\u00bbdefault\u00bb width=\u00bb99.9%\u00bb global_colors_info=\u00bb{}\u00bb min_height__hover_enabled=\u00bbon|desktop\u00bb][\/wpforms_selector] Si tienes cualquier duda o sugerencia adicional puedes dej\u00e1rnosla en el comentario del proyecto. Podr\u00e1s hacerme las consultas de Atmos que consideres necesarias para tu proyecto. Mezcla completa en Atmos Puedes dejar en mis manos tu mezcla desde cero, este servicio incluye el [&hellip;]<\/p>\n","protected":false},"author":1,"featured_media":844,"parent":0,"menu_order":0,"comment_status":"closed","ping_status":"closed","template":"","meta":{"_et_pb_use_builder":"on","_et_pb_old_content":"","_et_gb_content_width":"","_monsterinsights_skip_tracking":false,"_monsterinsights_sitenote_active":false,"_monsterinsights_sitenote_note":"","_monsterinsights_sitenote_category":0,"footnotes":""},"class_list":["post-1081","page","type-page","status-publish","has-post-thumbnail","hentry"],"yoast_head":"<!-- This site is optimized with the Yoast SEO plugin v26.8 - https:\/\/yoast.com\/product\/yoast-seo-wordpress\/ -->\n<title>Reservar Atmos - Pedro Vi\u00f1uela<\/title>\n<meta name=\"description\" content=\"Formulario de reserva para Atmos. Podr\u00e1s hacerme las consultas de Atmos que consideres necesarias para tu proyecto.\" \/>\n<meta name=\"robots\" content=\"noindex, follow\" \/>\n<meta property=\"og:locale\" content=\"es_ES\" \/>\n<meta property=\"og:type\" content=\"article\" \/>\n<meta property=\"og:title\" content=\"Reservar Atmos - Pedro Vi\u00f1uela\" \/>\n<meta property=\"og:description\" content=\"Formulario de reserva para Atmos. Podr\u00e1s hacerme las consultas de Atmos que consideres necesarias para tu proyecto.\" \/>\n<meta property=\"og:url\" content=\"https:\/\/pedrovinuela.com\/es\/booking-audio3d\/\" \/>\n<meta property=\"og:site_name\" content=\"Pedro Vi\u00f1uela\" \/>\n<meta property=\"article:publisher\" content=\"https:\/\/www.facebook.com\/pedroatthecontrols\/\" \/>\n<meta property=\"article:modified_time\" content=\"2024-07-23T16:10:22+00:00\" \/>\n<meta property=\"og:image\" content=\"https:\/\/i0.wp.com\/pedrovinuela.com\/wp-content\/uploads\/2022\/04\/Altavoces-Atmos.jpg?fit=2560%2C1707&ssl=1\" \/>\n\t<meta property=\"og:image:width\" content=\"2560\" \/>\n\t<meta property=\"og:image:height\" content=\"1707\" \/>\n\t<meta property=\"og:image:type\" content=\"image\/jpeg\" \/>\n<meta name=\"twitter:card\" content=\"summary_large_image\" \/>\n<meta name=\"twitter:label1\" content=\"Tiempo de lectura\" \/>\n\t<meta name=\"twitter:data1\" content=\"5 minutos\" \/>\n<script type=\"application\/ld+json\" class=\"yoast-schema-graph\">{\"@context\":\"https:\/\/schema.org\",\"@graph\":[{\"@type\":\"WebPage\",\"@id\":\"https:\/\/pedrovinuela.com\/es\/booking-audio3d\/\",\"url\":\"https:\/\/pedrovinuela.com\/es\/booking-audio3d\/\",\"name\":\"Reservar Atmos - Pedro Vi\u00f1uela\",\"isPartOf\":{\"@id\":\"https:\/\/pedrovinuela.com\/es\/#website\"},\"primaryImageOfPage\":{\"@id\":\"https:\/\/pedrovinuela.com\/es\/booking-audio3d\/#primaryimage\"},\"image\":{\"@id\":\"https:\/\/pedrovinuela.com\/es\/booking-audio3d\/#primaryimage\"},\"thumbnailUrl\":\"https:\/\/i0.wp.com\/pedrovinuela.com\/wp-content\/uploads\/2022\/04\/Altavoces-Atmos.jpg?fit=2560%2C1707&ssl=1\",\"datePublished\":\"2022-05-11T16:51:05+00:00\",\"dateModified\":\"2024-07-23T16:10:22+00:00\",\"description\":\"Formulario de reserva para Atmos. Podr\u00e1s hacerme las consultas de Atmos que consideres necesarias para tu proyecto.\",\"breadcrumb\":{\"@id\":\"https:\/\/pedrovinuela.com\/es\/booking-audio3d\/#breadcrumb\"},\"inLanguage\":\"es\",\"potentialAction\":[{\"@type\":\"ReadAction\",\"target\":[\"https:\/\/pedrovinuela.com\/es\/booking-audio3d\/\"]}]},{\"@type\":\"ImageObject\",\"inLanguage\":\"es\",\"@id\":\"https:\/\/pedrovinuela.com\/es\/booking-audio3d\/#primaryimage\",\"url\":\"https:\/\/i0.wp.com\/pedrovinuela.com\/wp-content\/uploads\/2022\/04\/Altavoces-Atmos.jpg?fit=2560%2C1707&ssl=1\",\"contentUrl\":\"https:\/\/i0.wp.com\/pedrovinuela.com\/wp-content\/uploads\/2022\/04\/Altavoces-Atmos.jpg?fit=2560%2C1707&ssl=1\",\"width\":2560,\"height\":1707},{\"@type\":\"BreadcrumbList\",\"@id\":\"https:\/\/pedrovinuela.com\/es\/booking-audio3d\/#breadcrumb\",\"itemListElement\":[{\"@type\":\"ListItem\",\"position\":1,\"name\":\"Portada\",\"item\":\"https:\/\/pedrovinuela.com\/es\/\"},{\"@type\":\"ListItem\",\"position\":2,\"name\":\"Reserva Audio 3D\"}]},{\"@type\":\"WebSite\",\"@id\":\"https:\/\/pedrovinuela.com\/es\/#website\",\"url\":\"https:\/\/pedrovinuela.com\/es\/\",\"name\":\"Pedro Vi\u00f1uela\",\"description\":\"Premium Mastering\",\"publisher\":{\"@id\":\"https:\/\/pedrovinuela.com\/es\/#organization\"},\"potentialAction\":[{\"@type\":\"SearchAction\",\"target\":{\"@type\":\"EntryPoint\",\"urlTemplate\":\"https:\/\/pedrovinuela.com\/es\/?s={search_term_string}\"},\"query-input\":{\"@type\":\"PropertyValueSpecification\",\"valueRequired\":true,\"valueName\":\"search_term_string\"}}],\"inLanguage\":\"es\"},{\"@type\":\"Organization\",\"@id\":\"https:\/\/pedrovinuela.com\/es\/#organization\",\"name\":\"Pedro Vi\u00f1uela\",\"url\":\"https:\/\/pedrovinuela.com\/es\/\",\"logo\":{\"@type\":\"ImageObject\",\"inLanguage\":\"es\",\"@id\":\"https:\/\/pedrovinuela.com\/es\/#\/schema\/logo\/image\/\",\"url\":\"https:\/\/i0.wp.com\/pedrovinuela.com\/wp-content\/uploads\/2021\/04\/cropped-PV-Favicon-1-1-1.png?fit=512%2C512&ssl=1\",\"contentUrl\":\"https:\/\/i0.wp.com\/pedrovinuela.com\/wp-content\/uploads\/2021\/04\/cropped-PV-Favicon-1-1-1.png?fit=512%2C512&ssl=1\",\"width\":512,\"height\":512,\"caption\":\"Pedro Vi\u00f1uela\"},\"image\":{\"@id\":\"https:\/\/pedrovinuela.com\/es\/#\/schema\/logo\/image\/\"},\"sameAs\":[\"https:\/\/www.facebook.com\/pedroatthecontrols\/\",\"https:\/\/www.instagram.com\/pedrovinuelamastering\/\",\"https:\/\/www.youtube.com\/channel\/UCSjBWwLBiV8LUrHJ2GK1oyg\"]}]}<\/script>\n<!-- \/ Yoast SEO plugin. -->","yoast_head_json":{"title":"Reservar Atmos - Pedro Vi\u00f1uela","description":"Formulario de reserva para Atmos. Podr\u00e1s hacerme las consultas de Atmos que consideres necesarias para tu proyecto.","robots":{"index":"noindex","follow":"follow"},"og_locale":"es_ES","og_type":"article","og_title":"Reservar Atmos - Pedro Vi\u00f1uela","og_description":"Formulario de reserva para Atmos. Podr\u00e1s hacerme las consultas de Atmos que consideres necesarias para tu proyecto.","og_url":"https:\/\/pedrovinuela.com\/es\/booking-audio3d\/","og_site_name":"Pedro Vi\u00f1uela","article_publisher":"https:\/\/www.facebook.com\/pedroatthecontrols\/","article_modified_time":"2024-07-23T16:10:22+00:00","og_image":[{"width":2560,"height":1707,"url":"https:\/\/i0.wp.com\/pedrovinuela.com\/wp-content\/uploads\/2022\/04\/Altavoces-Atmos.jpg?fit=2560%2C1707&ssl=1","type":"image\/jpeg"}],"twitter_card":"summary_large_image","twitter_misc":{"Tiempo de lectura":"5 minutos"},"schema":{"@context":"https:\/\/schema.org","@graph":[{"@type":"WebPage","@id":"https:\/\/pedrovinuela.com\/es\/booking-audio3d\/","url":"https:\/\/pedrovinuela.com\/es\/booking-audio3d\/","name":"Reservar Atmos - Pedro Vi\u00f1uela","isPartOf":{"@id":"https:\/\/pedrovinuela.com\/es\/#website"},"primaryImageOfPage":{"@id":"https:\/\/pedrovinuela.com\/es\/booking-audio3d\/#primaryimage"},"image":{"@id":"https:\/\/pedrovinuela.com\/es\/booking-audio3d\/#primaryimage"},"thumbnailUrl":"https:\/\/i0.wp.com\/pedrovinuela.com\/wp-content\/uploads\/2022\/04\/Altavoces-Atmos.jpg?fit=2560%2C1707&ssl=1","datePublished":"2022-05-11T16:51:05+00:00","dateModified":"2024-07-23T16:10:22+00:00","description":"Formulario de reserva para Atmos. Podr\u00e1s hacerme las consultas de Atmos que consideres necesarias para tu proyecto.","breadcrumb":{"@id":"https:\/\/pedrovinuela.com\/es\/booking-audio3d\/#breadcrumb"},"inLanguage":"es","potentialAction":[{"@type":"ReadAction","target":["https:\/\/pedrovinuela.com\/es\/booking-audio3d\/"]}]},{"@type":"ImageObject","inLanguage":"es","@id":"https:\/\/pedrovinuela.com\/es\/booking-audio3d\/#primaryimage","url":"https:\/\/i0.wp.com\/pedrovinuela.com\/wp-content\/uploads\/2022\/04\/Altavoces-Atmos.jpg?fit=2560%2C1707&ssl=1","contentUrl":"https:\/\/i0.wp.com\/pedrovinuela.com\/wp-content\/uploads\/2022\/04\/Altavoces-Atmos.jpg?fit=2560%2C1707&ssl=1","width":2560,"height":1707},{"@type":"BreadcrumbList","@id":"https:\/\/pedrovinuela.com\/es\/booking-audio3d\/#breadcrumb","itemListElement":[{"@type":"ListItem","position":1,"name":"Portada","item":"https:\/\/pedrovinuela.com\/es\/"},{"@type":"ListItem","position":2,"name":"Reserva Audio 3D"}]},{"@type":"WebSite","@id":"https:\/\/pedrovinuela.com\/es\/#website","url":"https:\/\/pedrovinuela.com\/es\/","name":"Pedro Vi\u00f1uela","description":"Premium Mastering","publisher":{"@id":"https:\/\/pedrovinuela.com\/es\/#organization"},"potentialAction":[{"@type":"SearchAction","target":{"@type":"EntryPoint","urlTemplate":"https:\/\/pedrovinuela.com\/es\/?s={search_term_string}"},"query-input":{"@type":"PropertyValueSpecification","valueRequired":true,"valueName":"search_term_string"}}],"inLanguage":"es"},{"@type":"Organization","@id":"https:\/\/pedrovinuela.com\/es\/#organization","name":"Pedro Vi\u00f1uela","url":"https:\/\/pedrovinuela.com\/es\/","logo":{"@type":"ImageObject","inLanguage":"es","@id":"https:\/\/pedrovinuela.com\/es\/#\/schema\/logo\/image\/","url":"https:\/\/i0.wp.com\/pedrovinuela.com\/wp-content\/uploads\/2021\/04\/cropped-PV-Favicon-1-1-1.png?fit=512%2C512&ssl=1","contentUrl":"https:\/\/i0.wp.com\/pedrovinuela.com\/wp-content\/uploads\/2021\/04\/cropped-PV-Favicon-1-1-1.png?fit=512%2C512&ssl=1","width":512,"height":512,"caption":"Pedro Vi\u00f1uela"},"image":{"@id":"https:\/\/pedrovinuela.com\/es\/#\/schema\/logo\/image\/"},"sameAs":["https:\/\/www.facebook.com\/pedroatthecontrols\/","https:\/\/www.instagram.com\/pedrovinuelamastering\/","https:\/\/www.youtube.com\/channel\/UCSjBWwLBiV8LUrHJ2GK1oyg"]}]}},"jetpack_sharing_enabled":true,"_links":{"self":[{"href":"https:\/\/pedrovinuela.com\/es\/wp-json\/wp\/v2\/pages\/1081","targetHints":{"allow":["GET"]}}],"collection":[{"href":"https:\/\/pedrovinuela.com\/es\/wp-json\/wp\/v2\/pages"}],"about":[{"href":"https:\/\/pedrovinuela.com\/es\/wp-json\/wp\/v2\/types\/page"}],"author":[{"embeddable":true,"href":"https:\/\/pedrovinuela.com\/es\/wp-json\/wp\/v2\/users\/1"}],"replies":[{"embeddable":true,"href":"https:\/\/pedrovinuela.com\/es\/wp-json\/wp\/v2\/comments?post=1081"}],"version-history":[{"count":16,"href":"https:\/\/pedrovinuela.com\/es\/wp-json\/wp\/v2\/pages\/1081\/revisions"}],"predecessor-version":[{"id":1442,"href":"https:\/\/pedrovinuela.com\/es\/wp-json\/wp\/v2\/pages\/1081\/revisions\/1442"}],"wp:featuredmedia":[{"embeddable":true,"href":"https:\/\/pedrovinuela.com\/es\/wp-json\/wp\/v2\/media\/844"}],"wp:attachment":[{"href":"https:\/\/pedrovinuela.com\/es\/wp-json\/wp\/v2\/media?parent=1081"}],"curies":[{"name":"wp","href":"https:\/\/api.w.org\/{rel}","templated":true}]}}